{"id":3820,"date":"2023-08-23T17:29:23","date_gmt":"2023-08-23T22:29:23","guid":{"rendered":"https:\/\/processorlinks.com\/?page_id=3820"},"modified":"2024-03-15T09:50:42","modified_gmt":"2024-03-15T14:50:42","slug":"declaration-daccessibilite","status":"publish","type":"page","link":"https:\/\/processorlinks.com\/fr\/declaration-daccessibilite\/","title":{"rendered":"D\u00e9claration d'accessibilit\u00e9"},"content":{"rendered":"<div data-elementor-type=\"wp-page\" data-elementor-id=\"3820\" class=\"elementor elementor-3820\" data-elementor-post-type=\"page\">\n\t\t\t\t<div class=\"elementor-element elementor-element-14989cb4 e-flex e-con-boxed e-con e-parent\" data-id=\"14989cb4\" data-element_type=\"container\" data-e-type=\"container\" data-settings=\"{&quot;background_background&quot;:&quot;classic&quot;}\">\n\t\t\t\t\t<div class=\"e-con-inner\">\n\t\t<main class=\"elementor-element elementor-element-2f337c79 e-con-full e-flex e-con e-child\" data-id=\"2f337c79\" data-element_type=\"container\" data-e-type=\"container\">\n\t\t\t\t<div class=\"elementor-element elementor-element-18cabd6b animated-slow elementor-widget elementor-widget-heading\" data-id=\"18cabd6b\" data-element_type=\"widget\" data-e-type=\"widget\" data-settings=\"{&quot;_animation&quot;:&quot;none&quot;,&quot;_animation_delay&quot;:500}\" data-widget_type=\"heading.default\">\n\t\t\t\t<div class=\"elementor-widget-container\">\n\t\t\t\t\t<h1 class=\"elementor-heading-title elementor-size-default\">D\u00e9claration d'accessibilit\u00e9 de ProcessorLINKS<\/h1>\t\t\t\t<\/div>\n\t\t\t\t<\/div>\n\t\t\t\t<div class=\"elementor-element elementor-element-43cd601f elementor-widget elementor-widget-spacer\" data-id=\"43cd601f\" data-element_type=\"widget\" data-e-type=\"widget\" data-settings=\"{&quot;_animation&quot;:&quot;none&quot;}\" data-widget_type=\"spacer.default\">\n\t\t\t\t<div class=\"elementor-widget-container\">\n\t\t\t\t\t\t\t<div class=\"elementor-spacer\">\n\t\t\t<div class=\"elementor-spacer-inner\"><\/div>\n\t\t<\/div>\n\t\t\t\t\t\t<\/div>\n\t\t\t\t<\/div>\n\t\t\t\t<div class=\"elementor-element elementor-element-69f98d86 animated-slow elementor-widget elementor-widget-text-editor\" data-id=\"69f98d86\" data-element_type=\"widget\" data-e-type=\"widget\" data-settings=\"{&quot;_animation&quot;:&quot;none&quot;,&quot;_animation_delay&quot;:700}\" data-widget_type=\"text-editor.default\">\n\t\t\t\t<div class=\"elementor-widget-container\">\n\t\t\t\t\t\t\t\t\t<p class=\"p1\">Bienvenue sur la page d'accessibilit\u00e9 de ProcessorLinks. Vous trouverez ci-dessous toutes nos notes sur l'accessibilit\u00e9 du site.<\/p><p class=\"p1\"><b>Derni\u00e8re mise \u00e0 jour :<\/b> 23 ao\u00fbt 2023<\/p>\t\t\t\t\t\t\t\t<\/div>\n\t\t\t\t<\/div>\n\t\t\t\t<\/main>\n\t\t\t\t\t<\/div>\n\t\t\t\t<\/div>\n\t\t<div class=\"elementor-element elementor-element-3e9a134c e-flex e-con-boxed e-con e-parent\" data-id=\"3e9a134c\" data-element_type=\"container\" data-e-type=\"container\" data-settings=\"{&quot;background_background&quot;:&quot;classic&quot;}\">\n\t\t\t\t\t<div class=\"e-con-inner\">\n\t\t\t\t<div class=\"elementor-element elementor-element-8cb0530 elementor-widget elementor-widget-accordion\" data-id=\"8cb0530\" data-element_type=\"widget\" data-e-type=\"widget\" data-widget_type=\"accordion.default\">\n\t\t\t\t<div class=\"elementor-widget-container\">\n\t\t\t\t\t\t\t<div class=\"elementor-accordion\">\n\t\t\t\t\t\t\t<div class=\"elementor-accordion-item\">\n\t\t\t\t\t<h2 id=\"elementor-tab-title-1471\" class=\"elementor-tab-title\" data-tab=\"1\" role=\"button\" aria-controls=\"elementor-tab-content-1471\" aria-expanded=\"false\">\n\t\t\t\t\t\t\t\t\t\t\t\t\t<span class=\"elementor-accordion-icon elementor-accordion-icon-left\" aria-hidden=\"true\">\n\t\t\t\t\t\t\t\t\t\t\t\t\t\t\t<span class=\"elementor-accordion-icon-closed\"><i class=\"fas fa-plus\"><\/i><\/span>\n\t\t\t\t\t\t\t\t<span class=\"elementor-accordion-icon-opened\"><i class=\"fas fa-minus\"><\/i><\/span>\n\t\t\t\t\t\t\t\t\t\t\t\t\t\t<\/span>\n\t\t\t\t\t\t\t\t\t\t\t\t<a class=\"elementor-accordion-title\" tabindex=\"0\">G\u00e9n\u00e9ral<\/a>\n\t\t\t\t\t<\/h2>\n\t\t\t\t\t<div id=\"elementor-tab-content-1471\" class=\"elementor-tab-content elementor-clearfix\" data-tab=\"1\" role=\"region\" aria-labelledby=\"elementor-tab-title-1471\"><p><strong>Processorlinks.com<\/strong> s'efforce de veiller \u00e0 ce que ses services soient accessibles aux personnes handicap\u00e9es. <strong>Processorlinks.com<\/strong> a investi des ressources consid\u00e9rables pour faire en sorte que son site web soit plus facile \u00e0 utiliser et plus accessible aux personnes handicap\u00e9es, avec la ferme conviction que toute personne a le droit de vivre dans la dignit\u00e9, l'\u00e9galit\u00e9, le confort et l'ind\u00e9pendance.<\/p><\/div>\n\t\t\t\t<\/div>\n\t\t\t\t\t\t\t<div class=\"elementor-accordion-item\">\n\t\t\t\t\t<h2 id=\"elementor-tab-title-1472\" class=\"elementor-tab-title\" data-tab=\"2\" role=\"button\" aria-controls=\"elementor-tab-content-1472\" aria-expanded=\"false\">\n\t\t\t\t\t\t\t\t\t\t\t\t\t<span class=\"elementor-accordion-icon elementor-accordion-icon-left\" aria-hidden=\"true\">\n\t\t\t\t\t\t\t\t\t\t\t\t\t\t\t<span class=\"elementor-accordion-icon-closed\"><i class=\"fas fa-plus\"><\/i><\/span>\n\t\t\t\t\t\t\t\t<span class=\"elementor-accordion-icon-opened\"><i class=\"fas fa-minus\"><\/i><\/span>\n\t\t\t\t\t\t\t\t\t\t\t\t\t\t<\/span>\n\t\t\t\t\t\t\t\t\t\t\t\t<a class=\"elementor-accordion-title\" tabindex=\"0\">Accessibilit\u00e9 sur Processorlinks.com<\/a>\n\t\t\t\t\t<\/h2>\n\t\t\t\t\t<div id=\"elementor-tab-content-1472\" class=\"elementor-tab-content elementor-clearfix\" data-tab=\"2\" role=\"region\" aria-labelledby=\"elementor-tab-title-1472\"><p><strong>Processorlinks.com<\/strong> met \u00e0 disposition un site web <a title=\"Widget d&#039;accessibilit\u00e9 Userway\" href=\"https:\/\/userway.org\/\" target=\"_blank\" rel=\"noopener nofollow\">Widget d'accessibilit\u00e9<\/a> qui est aliment\u00e9 par un serveur d\u00e9di\u00e9 \u00e0 l'accessibilit\u00e9. Le logiciel permet <strong>Processorlinks.com<\/strong>\u00a0pour am\u00e9liorer sa conformit\u00e9 avec les lignes directrices pour l'accessibilit\u00e9 des contenus web (WCAG 2.1).<\/p><\/div>\n\t\t\t\t<\/div>\n\t\t\t\t\t\t\t<div class=\"elementor-accordion-item\">\n\t\t\t\t\t<h2 id=\"elementor-tab-title-1473\" class=\"elementor-tab-title\" data-tab=\"3\" role=\"button\" aria-controls=\"elementor-tab-content-1473\" aria-expanded=\"false\">\n\t\t\t\t\t\t\t\t\t\t\t\t\t<span class=\"elementor-accordion-icon elementor-accordion-icon-left\" aria-hidden=\"true\">\n\t\t\t\t\t\t\t\t\t\t\t\t\t\t\t<span class=\"elementor-accordion-icon-closed\"><i class=\"fas fa-plus\"><\/i><\/span>\n\t\t\t\t\t\t\t\t<span class=\"elementor-accordion-icon-opened\"><i class=\"fas fa-minus\"><\/i><\/span>\n\t\t\t\t\t\t\t\t\t\t\t\t\t\t<\/span>\n\t\t\t\t\t\t\t\t\t\t\t\t<a class=\"elementor-accordion-title\" tabindex=\"0\">Activation du menu d'accessibilit\u00e9<\/a>\n\t\t\t\t\t<\/h2>\n\t\t\t\t\t<div id=\"elementor-tab-content-1473\" class=\"elementor-tab-content elementor-clearfix\" data-tab=\"3\" role=\"region\" aria-labelledby=\"elementor-tab-title-1473\"><p>Les <strong>Processorlinks.com<\/strong>\u00a0Le menu d'accessibilit\u00e9 peut \u00eatre activ\u00e9 en cliquant sur l'ic\u00f4ne du menu d'accessibilit\u00e9 qui appara\u00eet dans le coin de la page. Apr\u00e8s avoir activ\u00e9 le menu d'accessibilit\u00e9, veuillez patienter un moment pour que le menu d'accessibilit\u00e9 se charge dans son int\u00e9gralit\u00e9.<\/p><\/div>\n\t\t\t\t<\/div>\n\t\t\t\t\t\t\t<div class=\"elementor-accordion-item\">\n\t\t\t\t\t<h2 id=\"elementor-tab-title-1474\" class=\"elementor-tab-title\" data-tab=\"4\" role=\"button\" aria-controls=\"elementor-tab-content-1474\" aria-expanded=\"false\">\n\t\t\t\t\t\t\t\t\t\t\t\t\t<span class=\"elementor-accordion-icon elementor-accordion-icon-left\" aria-hidden=\"true\">\n\t\t\t\t\t\t\t\t\t\t\t\t\t\t\t<span class=\"elementor-accordion-icon-closed\"><i class=\"fas fa-plus\"><\/i><\/span>\n\t\t\t\t\t\t\t\t<span class=\"elementor-accordion-icon-opened\"><i class=\"fas fa-minus\"><\/i><\/span>\n\t\t\t\t\t\t\t\t\t\t\t\t\t\t<\/span>\n\t\t\t\t\t\t\t\t\t\t\t\t<a class=\"elementor-accordion-title\" tabindex=\"0\">Clause de non-responsabilit\u00e9<\/a>\n\t\t\t\t\t<\/h2>\n\t\t\t\t\t<div id=\"elementor-tab-content-1474\" class=\"elementor-tab-content elementor-clearfix\" data-tab=\"4\" role=\"region\" aria-labelledby=\"elementor-tab-title-1474\"><p><strong>Processorlinks.com<\/strong> poursuit ses efforts pour am\u00e9liorer constamment l'accessibilit\u00e9 de son site et de ses services, convaincue qu'il est de notre obligation morale collective de permettre une utilisation transparente, accessible et sans entrave, y compris pour ceux d'entre nous qui souffrent d'un handicap.<\/p><p>Malgr\u00e9 nos efforts pour faire en sorte que toutes les pages et tous les contenus du site Web de l <strong>Processorlinks.com<\/strong>\u00a0enti\u00e8rement accessible, il se peut que certains contenus n'aient pas encore \u00e9t\u00e9 enti\u00e8rement adapt\u00e9s aux normes d'accessibilit\u00e9 les plus strictes. Cela peut r\u00e9sulter du fait que la solution technologique la plus appropri\u00e9e n'a pas \u00e9t\u00e9 trouv\u00e9e ou identifi\u00e9e.<\/p><\/div>\n\t\t\t\t<\/div>\n\t\t\t\t\t\t\t<div class=\"elementor-accordion-item\">\n\t\t\t\t\t<h2 id=\"elementor-tab-title-1475\" class=\"elementor-tab-title\" data-tab=\"5\" role=\"button\" aria-controls=\"elementor-tab-content-1475\" aria-expanded=\"false\">\n\t\t\t\t\t\t\t\t\t\t\t\t\t<span class=\"elementor-accordion-icon elementor-accordion-icon-left\" aria-hidden=\"true\">\n\t\t\t\t\t\t\t\t\t\t\t\t\t\t\t<span class=\"elementor-accordion-icon-closed\"><i class=\"fas fa-plus\"><\/i><\/span>\n\t\t\t\t\t\t\t\t<span class=\"elementor-accordion-icon-opened\"><i class=\"fas fa-minus\"><\/i><\/span>\n\t\t\t\t\t\t\t\t\t\t\t\t\t\t<\/span>\n\t\t\t\t\t\t\t\t\t\t\t\t<a class=\"elementor-accordion-title\" tabindex=\"0\">Ici pour vous<\/a>\n\t\t\t\t\t<\/h2>\n\t\t\t\t\t<div id=\"elementor-tab-content-1475\" class=\"elementor-tab-content elementor-clearfix\" data-tab=\"5\" role=\"region\" aria-labelledby=\"elementor-tab-title-1475\"><p>\u00a0Si vous rencontrez des difficult\u00e9s avec l'un des contenus du site <strong>Processorlinks.com<\/strong>\u00a0ou si vous avez besoin d'aide pour toute partie de notre site, veuillez nous contacter pendant les heures normales d'ouverture, comme indiqu\u00e9 ci-dessous, et nous nous ferons un plaisir de vous aider.<\/p><p>Si vous avez des questions concernant notre d\u00e9claration d'accessibilit\u00e9, veuillez nous contacter \u00e0 l'aide de notre formulaire de contact.<\/p><\/div>\n\t\t\t\t<\/div>\n\t\t\t\t\t\t\t\t\t\t<script type=\"application\/ld+json\">{\n    \"@context\": \"https:\\\/\\\/schema.org\",\n    \"@type\": \"FAQPage\",\n    \"mainEntity\": [\n        {\n            \"@type\": \"Question\",\n            \"name\": \"General\",\n            \"acceptedAnswer\": {\n                \"@type\": \"Answer\",\n                \"text\": \"<p><strong>Processorlinks.com<\\\/strong> strives to ensure that its services are accessible to people with disabilities. <strong>Processorlinks.com<\\\/strong> has invested a significant amount of resources to help ensure that its website is made easier to use and more accessible for people with disabilities, with the strong belief that every person has the right to live with dignity, equality, comfort and independence.<\\\/p>\"\n            }\n        },\n        {\n            \"@type\": \"Question\",\n            \"name\": \"Accessibility on Processorlinks.com\",\n            \"acceptedAnswer\": {\n                \"@type\": \"Answer\",\n                \"text\": \"<p><strong>Processorlinks.com<\\\/strong> makes available a Website <a title=\\\"Userway accessibility widget\\\" href=\\\"https:\\\/\\\/userway.org\\\/\\\" target=\\\"_blank\\\" rel=\\\"noopener nofollow\\\">Accessibility Widget<\\\/a> that is powered by a dedicated accessibility server. The software allows <strong>Processorlinks.com<\\\/strong>\\u00a0to improve its compliance with the Web Content Accessibility Guidelines (WCAG 2.1).<\\\/p>\"\n            }\n        },\n        {\n            \"@type\": \"Question\",\n            \"name\": \"Enabling Accessibility Menu\",\n            \"acceptedAnswer\": {\n                \"@type\": \"Answer\",\n                \"text\": \"<p>The <strong>Processorlinks.com<\\\/strong>\\u00a0accessibility menu can be enabled by clicking the accessibility menu icon that appears on the corner of the page. After triggering the accessibility menu, please wait a moment for the accessibility menu to load in its entirety.<\\\/p>\"\n            }\n        },\n        {\n            \"@type\": \"Question\",\n            \"name\": \"Disclaimer\",\n            \"acceptedAnswer\": {\n                \"@type\": \"Answer\",\n                \"text\": \"<p><strong>Processorlinks.com<\\\/strong> continues its efforts to constantly improve the accessibility of its site and services in the belief that it is our collective moral obligation to allow seamless, accessible and unhindered use also for those of us with disabilities.<\\\/p><p>Despite our efforts to make all pages and content on <strong>Processorlinks.com<\\\/strong>\\u00a0fully accessible, some content may not have yet been fully adapted to the strictest accessibility standards. This may be a result of not having found or identified the most appropriate technological solution.<\\\/p>\"\n            }\n        },\n        {\n            \"@type\": \"Question\",\n            \"name\": \"Here for you\",\n            \"acceptedAnswer\": {\n                \"@type\": \"Answer\",\n                \"text\": \"<p>\\u00a0If you are experiencing difficulty with any content on <strong>Processorlinks.com<\\\/strong>\\u00a0or require assistance with any part of our site, please contact us during normal business hours as detailed below and we will be happy to assist.<\\\/p><p>If you have any questions about our Accessibility Statement, please contact us on our contact form.<\\\/p>\"\n            }\n        }\n    ]\n}<\/script>\n\t\t\t\t\t<\/div>\n\t\t\t\t\t\t<\/div>\n\t\t\t\t<\/div>\n\t\t\t\t\t<\/div>\n\t\t\t\t<\/div>\n\t\t<div class=\"elementor-element elementor-element-6f54905f e-flex e-con-boxed e-con e-parent\" data-id=\"6f54905f\" data-element_type=\"container\" data-e-type=\"container\" data-settings=\"{&quot;background_background&quot;:&quot;classic&quot;}\">\n\t\t\t\t\t<div class=\"e-con-inner\">\n\t\t<div class=\"elementor-element elementor-element-795a32f6 e-con-full e-flex e-con e-child\" data-id=\"795a32f6\" data-element_type=\"container\" data-e-type=\"container\">\n\t\t\t\t<div class=\"elementor-element elementor-element-69bcf4fc elementor-widget elementor-widget-image\" data-id=\"69bcf4fc\" data-element_type=\"widget\" data-e-type=\"widget\" data-widget_type=\"image.default\">\n\t\t\t\t<div class=\"elementor-widget-container\">\n\t\t\t\t\t\t\t\t\t\t\t\t\t\t\t<img fetchpriority=\"high\" decoding=\"async\" width=\"800\" height=\"800\" src=\"https:\/\/processorlinks.com\/wp-content\/uploads\/2023\/08\/Chicken-Little-esmihel-muhammad.jpg\" class=\"attachment-large size-large wp-image-2609\" alt=\"Photo d&#039;un b\u00e9b\u00e9 poulet au carr\u00e9.\" srcset=\"https:\/\/processorlinks.com\/wp-content\/uploads\/2023\/08\/Chicken-Little-esmihel-muhammad.jpg 800w, https:\/\/processorlinks.com\/wp-content\/uploads\/2023\/08\/Chicken-Little-esmihel-muhammad-300x300.jpg 300w, https:\/\/processorlinks.com\/wp-content\/uploads\/2023\/08\/Chicken-Little-esmihel-muhammad-150x150.jpg 150w, https:\/\/processorlinks.com\/wp-content\/uploads\/2023\/08\/Chicken-Little-esmihel-muhammad-768x768.jpg 768w\" sizes=\"(max-width: 800px) 100vw, 800px\" \/>\t\t\t\t\t\t\t\t\t\t\t\t\t\t\t<\/div>\n\t\t\t\t<\/div>\n\t\t\t\t<\/div>\n\t\t<main class=\"elementor-element elementor-element-434e0e3c e-con-full e-flex e-con e-child\" data-id=\"434e0e3c\" data-element_type=\"container\" data-e-type=\"container\">\n\t\t\t\t<div class=\"elementor-element elementor-element-187a3576 animated-slow elementor-widget elementor-widget-heading\" data-id=\"187a3576\" data-element_type=\"widget\" data-e-type=\"widget\" data-settings=\"{&quot;_animation&quot;:&quot;none&quot;,&quot;_animation_delay&quot;:500}\" data-widget_type=\"heading.default\">\n\t\t\t\t<div class=\"elementor-widget-container\">\n\t\t\t\t\t<h2 class=\"elementor-heading-title elementor-size-default\">En savoir plus sur la protection de la vie priv\u00e9e<\/h2>\t\t\t\t<\/div>\n\t\t\t\t<\/div>\n\t\t\t\t<div class=\"elementor-element elementor-element-1f0a71b elementor-widget elementor-widget-spacer\" data-id=\"1f0a71b\" data-element_type=\"widget\" data-e-type=\"widget\" data-settings=\"{&quot;_animation&quot;:&quot;none&quot;}\" data-widget_type=\"spacer.default\">\n\t\t\t\t<div class=\"elementor-widget-container\">\n\t\t\t\t\t\t\t<div class=\"elementor-spacer\">\n\t\t\t<div class=\"elementor-spacer-inner\"><\/div>\n\t\t<\/div>\n\t\t\t\t\t\t<\/div>\n\t\t\t\t<\/div>\n\t\t\t\t<div class=\"elementor-element elementor-element-30e662c6 animated-slow elementor-widget elementor-widget-text-editor\" data-id=\"30e662c6\" data-element_type=\"widget\" data-e-type=\"widget\" data-settings=\"{&quot;_animation&quot;:&quot;none&quot;,&quot;_animation_delay&quot;:700}\" data-widget_type=\"text-editor.default\">\n\t\t\t\t<div class=\"elementor-widget-container\">\n\t\t\t\t\t\t\t\t\t<p>ProcessorLinks offre un soutien optimal aux utilisateurs ayant des probl\u00e8mes d'accessibilit\u00e9. Cependant, nous avons \u00e9galement une politique claire en mati\u00e8re de protection de la vie priv\u00e9e que vous pouvez consulter.<\/p>\t\t\t\t\t\t\t\t<\/div>\n\t\t\t\t<\/div>\n\t\t\t\t<div class=\"elementor-element elementor-element-27f02f12 elementor-align-left elementor-widget__width-initial elementor-button-info elementor-mobile-align-center elementor-widget elementor-widget-button\" data-id=\"27f02f12\" data-element_type=\"widget\" data-e-type=\"widget\" data-settings=\"{&quot;_animation&quot;:&quot;none&quot;}\" aria=\"a google map link for directions to the abattoirs locations\" data-widget_type=\"button.default\">\n\t\t\t\t<div class=\"elementor-widget-container\">\n\t\t\t\t\t\t\t\t\t<div class=\"elementor-button-wrapper\">\n\t\t\t\t\t<a class=\"elementor-button elementor-button-link elementor-size-sm\" href=\"https:\/\/processorlinks.com\/fr\/politique-de-confidentialite\/\" title=\"En savoir plus sur la politique de confidentialit\u00e9 de ProcessorLinks\" id=\"About Us\">\n\t\t\t\t\t\t<span class=\"elementor-button-content-wrapper\">\n\t\t\t\t\t\t\t\t\t<span class=\"elementor-button-text\">EN SAVOIR PLUS<\/span>\n\t\t\t\t\t<\/span>\n\t\t\t\t\t<\/a>\n\t\t\t\t<\/div>\n\t\t\t\t\t\t\t\t<\/div>\n\t\t\t\t<\/div>\n\t\t\t\t<\/main>\n\t\t\t\t\t<\/div>\n\t\t\t\t<\/div>\n\t\t\t\t<\/div>","protected":false},"excerpt":{"rendered":"<p>Bienvenue sur la page d'accessibilit\u00e9 de ProcessorLinks. Vous trouverez ci-dessous toutes nos notes sur l'accessibilit\u00e9 du site.<br \/>\nDerni\u00e8re mise \u00e0 jour : 23 ao\u00fbt 2023<\/p>","protected":false},"author":2,"featured_media":4367,"parent":0,"menu_order":101,"comment_status":"closed","ping_status":"closed","template":"","meta":{"_acf_changed":false,"footnotes":""},"class_list":["post-3820","page","type-page","status-publish","has-post-thumbnail","hentry"],"acf":[],"_links":{"self":[{"href":"https:\/\/processorlinks.com\/fr\/wp-json\/wp\/v2\/pages\/3820","targetHints":{"allow":["GET"]}}],"collection":[{"href":"https:\/\/processorlinks.com\/fr\/wp-json\/wp\/v2\/pages"}],"about":[{"href":"https:\/\/processorlinks.com\/fr\/wp-json\/wp\/v2\/types\/page"}],"author":[{"embeddable":true,"href":"https:\/\/processorlinks.com\/fr\/wp-json\/wp\/v2\/users\/2"}],"replies":[{"embeddable":true,"href":"https:\/\/processorlinks.com\/fr\/wp-json\/wp\/v2\/comments?post=3820"}],"version-history":[{"count":4,"href":"https:\/\/processorlinks.com\/fr\/wp-json\/wp\/v2\/pages\/3820\/revisions"}],"predecessor-version":[{"id":7632,"href":"https:\/\/processorlinks.com\/fr\/wp-json\/wp\/v2\/pages\/3820\/revisions\/7632"}],"wp:featuredmedia":[{"embeddable":true,"href":"https:\/\/processorlinks.com\/fr\/wp-json\/wp\/v2\/media\/4367"}],"wp:attachment":[{"href":"https:\/\/processorlinks.com\/fr\/wp-json\/wp\/v2\/media?parent=3820"}],"curies":[{"name":"wp","href":"https:\/\/api.w.org\/{rel}","templated":true}]}}