{"id":166,"date":"2023-07-20T03:08:31","date_gmt":"2023-07-20T08:08:31","guid":{"rendered":"https:\/\/processorlinks.com\/?page_id=166"},"modified":"2023-10-15T18:26:37","modified_gmt":"2023-10-15T23:26:37","slug":"contact","status":"publish","type":"page","link":"https:\/\/processorlinks.com\/fr\/contact\/","title":{"rendered":"Contact"},"content":{"rendered":"<div data-elementor-type=\"wp-page\" data-elementor-id=\"166\" class=\"elementor elementor-166\" data-elementor-post-type=\"page\">\n\t\t\t\t<div class=\"elementor-element elementor-element-15266a7 e-flex e-con-boxed e-con e-parent\" data-id=\"15266a7\" data-element_type=\"container\" data-e-type=\"container\" data-settings=\"{&quot;background_background&quot;:&quot;classic&quot;}\">\n\t\t\t\t\t<div class=\"e-con-inner\">\n\t\t<div class=\"elementor-element elementor-element-da7e164 e-con-full e-flex e-con e-child\" data-id=\"da7e164\" data-element_type=\"container\" data-e-type=\"container\">\n\t\t\t\t<div class=\"elementor-element elementor-element-6eea694 animated-slow elementor-widget elementor-widget-heading\" data-id=\"6eea694\" data-element_type=\"widget\" data-e-type=\"widget\" data-settings=\"{&quot;_animation&quot;:&quot;none&quot;,&quot;_animation_delay&quot;:500}\" tabindex=\"0\" data-widget_type=\"heading.default\">\n\t\t\t\t<div class=\"elementor-widget-container\">\n\t\t\t\t\t<h1 class=\"elementor-heading-title elementor-size-default\">Contacter ProcessorLinks<\/h1>\t\t\t\t<\/div>\n\t\t\t\t<\/div>\n\t\t\t\t<div class=\"elementor-element elementor-element-f22cd88 elementor-widget elementor-widget-spacer\" data-id=\"f22cd88\" data-element_type=\"widget\" data-e-type=\"widget\" data-settings=\"{&quot;_animation&quot;:&quot;none&quot;}\" data-widget_type=\"spacer.default\">\n\t\t\t\t<div class=\"elementor-widget-container\">\n\t\t\t\t\t\t\t<div class=\"elementor-spacer\">\n\t\t\t<div class=\"elementor-spacer-inner\"><\/div>\n\t\t<\/div>\n\t\t\t\t\t\t<\/div>\n\t\t\t\t<\/div>\n\t\t\t\t<\/div>\n\t\t\t\t\t<\/div>\n\t\t\t\t<\/div>\n\t\t<div class=\"elementor-element elementor-element-8c31348 e-flex e-con-boxed e-con e-parent\" data-id=\"8c31348\" data-element_type=\"container\" data-e-type=\"container\">\n\t\t\t\t\t<div class=\"e-con-inner\">\n\t\t<div class=\"elementor-element elementor-element-528bb5a e-con-full e-flex e-con e-child\" data-id=\"528bb5a\" data-element_type=\"container\" data-e-type=\"container\">\n\t\t\t\t<div class=\"elementor-element elementor-element-625e5a8 elementor-widget__width-inherit animated-slow elementor-widget elementor-widget-heading\" data-id=\"625e5a8\" data-element_type=\"widget\" data-e-type=\"widget\" data-settings=\"{&quot;_animation&quot;:&quot;none&quot;}\" tabindex=\"0\" data-widget_type=\"heading.default\">\n\t\t\t\t<div class=\"elementor-widget-container\">\n\t\t\t\t\t<h2 class=\"elementor-heading-title elementor-size-default\">Prendre contact<\/h2>\t\t\t\t<\/div>\n\t\t\t\t<\/div>\n\t\t\t\t<div class=\"elementor-element elementor-element-f916d4e elementor-widget elementor-widget-text-editor\" data-id=\"f916d4e\" data-element_type=\"widget\" data-e-type=\"widget\" tabindex=\"0\" data-widget_type=\"text-editor.default\">\n\t\t\t\t<div class=\"elementor-widget-container\">\n\t\t\t\t\t\t\t\t\t<p class=\"p1\">Bienvenue sur la page de contact de ProcessorLinks. Si vous \u00eates un agriculteur et que vous avez des questions sur notre tableau de bord, sur la collaboration avec les abattoirs ou si vous avez besoin d'aide pour trouver un abattoir, n'h\u00e9sitez pas \u00e0 utiliser notre formulaire de contact.<\/p><p>Si vous \u00eates un abattoir et que vous avez besoin d'aide pour cr\u00e9er un profil ou d'assistance pour les inspections, veuillez nous contacter en utilisant le formulaire.<\/p><p>Vous pouvez envoyer un courriel \u00e0 processorlinks@agsights.com ou nous appeler au +1-888-333-2987.<\/p>\t\t\t\t\t\t\t\t<\/div>\n\t\t\t\t<\/div>\n\t\t\t\t<\/div>\n\t\t\t\t<div class=\"elementor-element elementor-element-2735e65 elementor-button-align-stretch elementor-widget elementor-widget-form\" data-id=\"2735e65\" data-element_type=\"widget\" data-e-type=\"widget\" data-settings=\"{&quot;button_width&quot;:&quot;30&quot;,&quot;step_next_label&quot;:&quot;Next&quot;,&quot;step_previous_label&quot;:&quot;Previous&quot;,&quot;button_width_tablet&quot;:&quot;100&quot;,&quot;step_type&quot;:&quot;number_text&quot;,&quot;step_icon_shape&quot;:&quot;circle&quot;}\" aria=\"Use this Booking Dashboard contact form for support finding an Abattoir.\" data-widget_type=\"form.default\">\n\t\t\t\t<div class=\"elementor-widget-container\">\n\t\t\t\t\t\t\t<form class=\"elementor-form\" method=\"post\" id=\"plContactForm\" name=\"Contact form\" aria-label=\"Formulaire de contact\" action=\"\">\n\t\t\t<input type=\"hidden\" name=\"post_id\" value=\"166\"\/>\n\t\t\t<input type=\"hidden\" name=\"form_id\" value=\"2735e65\"\/>\n\t\t\t<input type=\"hidden\" name=\"referer_title\" value=\"Contact Us - ProcessorLinks 2026\" \/>\n\n\t\t\t\t\t\t\t<input type=\"hidden\" name=\"queried_id\" value=\"166\"\/>\n\t\t\t\n\t\t\t<div class=\"elementor-form-fields-wrapper elementor-labels-above\">\n\t\t\t\t\t\t\t\t<div class=\"elementor-field-type-text elementor-field-group elementor-column elementor-field-group-name elementor-col-100\">\n\t\t\t\t\t\t\t\t\t\t\t\t<label for=\"form-field-name\" class=\"elementor-field-label\">\n\t\t\t\t\t\t\t\tNom\t\t\t\t\t\t\t<\/label>\n\t\t\t\t\t\t\t\t\t\t\t\t\t\t<input size=\"1\" type=\"text\" name=\"form_fields[name]\" id=\"form-field-name\" class=\"elementor-field elementor-size-sm  elementor-field-textual\" placeholder=\"Nom complet\">\n\t\t\t\t\t\t\t\t\t\t\t<\/div>\n\t\t\t\t\t\t\t\t<div class=\"elementor-field-type-email elementor-field-group elementor-column elementor-field-group-email elementor-col-100 elementor-field-required\">\n\t\t\t\t\t\t\t\t\t\t\t\t<label for=\"form-field-email\" class=\"elementor-field-label\">\n\t\t\t\t\t\t\t\tCourriel\t\t\t\t\t\t\t<\/label>\n\t\t\t\t\t\t\t\t\t\t\t\t\t\t<input size=\"1\" type=\"email\" name=\"form_fields[email]\" id=\"form-field-email\" class=\"elementor-field elementor-size-sm  elementor-field-textual\" placeholder=\"Courriel principal\" required=\"required\">\n\t\t\t\t\t\t\t\t\t\t\t<\/div>\n\t\t\t\t\t\t\t\t<div class=\"elementor-field-type-tel elementor-field-group elementor-column elementor-field-group-field_88c8518 elementor-col-100\">\n\t\t\t\t\t\t\t\t\t\t\t\t<label for=\"form-field-field_88c8518\" class=\"elementor-field-label\">\n\t\t\t\t\t\t\t\tT\u00e9l\u00e9phone\t\t\t\t\t\t\t<\/label>\n\t\t\t\t\t\t\t\t<input size=\"1\" type=\"tel\" name=\"form_fields[field_88c8518]\" id=\"form-field-field_88c8518\" class=\"elementor-field elementor-size-sm  elementor-field-textual\" placeholder=\"T\u00e9l\u00e9phone principal\" pattern=\"[0-9()#&amp;+*-=.]+\" title=\"Seuls les chiffres et les caract\u00e8res t\u00e9l\u00e9phoniques (#, -, *, etc.) sont accept\u00e9s.\">\n\n\t\t\t\t\t\t<\/div>\n\t\t\t\t\t\t\t\t<div class=\"elementor-field-type-radio elementor-field-group elementor-column elementor-field-group-field_87d6538 elementor-col-100\">\n\t\t\t\t\t\t\t\t\t\t\t\t<label for=\"form-field-field_87d6538\" class=\"elementor-field-label\">\n\t\t\t\t\t\t\t\tJ'ai besoin d'aide\t\t\t\t\t\t\t<\/label>\n\t\t\t\t\t\t<div class=\"elementor-field-subgroup  elementor-subgroup-inline\"><span class=\"elementor-field-option\"><input type=\"radio\" value=\"Booking an abattoir\" id=\"form-field-field_87d6538-0\" name=\"form_fields[field_87d6538]\"> <label for=\"form-field-field_87d6538-0\">R\u00e9servation d'un abattoir<\/label><\/span><span class=\"elementor-field-option\"><input type=\"radio\" value=\"My abattoir profile\" id=\"form-field-field_87d6538-1\" name=\"form_fields[field_87d6538]\"> <label for=\"form-field-field_87d6538-1\">Mon profil d'abattoir<\/label><\/span><span class=\"elementor-field-option\"><input type=\"radio\" value=\"Event information\" id=\"form-field-field_87d6538-2\" name=\"form_fields[field_87d6538]\"> <label for=\"form-field-field_87d6538-2\">Informations sur l'\u00e9v\u00e9nement<\/label><\/span><span class=\"elementor-field-option\"><input type=\"radio\" value=\"Advertising \" id=\"form-field-field_87d6538-3\" name=\"form_fields[field_87d6538]\"> <label for=\"form-field-field_87d6538-3\">Publicit\u00e9 <\/label><\/span><span class=\"elementor-field-option\"><input type=\"radio\" value=\"Industry trends\" id=\"form-field-field_87d6538-4\" name=\"form_fields[field_87d6538]\"> <label for=\"form-field-field_87d6538-4\">Tendances de l'industrie<\/label><\/span><span class=\"elementor-field-option\"><input type=\"radio\" value=\"General inquiries\" id=\"form-field-field_87d6538-5\" name=\"form_fields[field_87d6538]\"> <label for=\"form-field-field_87d6538-5\">Demandes de renseignements g\u00e9n\u00e9raux<\/label><\/span><span class=\"elementor-field-option\"><input type=\"radio\" value=\"More than 1 area\" id=\"form-field-field_87d6538-6\" name=\"form_fields[field_87d6538]\"> <label for=\"form-field-field_87d6538-6\">Plus d'un domaine<\/label><\/span><span class=\"elementor-field-option\"><input type=\"radio\" value=\"Other\" id=\"form-field-field_87d6538-7\" name=\"form_fields[field_87d6538]\"> <label for=\"form-field-field_87d6538-7\">Autres<\/label><\/span><\/div>\t\t\t\t<\/div>\n\t\t\t\t\t\t\t\t<div class=\"elementor-field-type-textarea elementor-field-group elementor-column elementor-field-group-message elementor-col-100\">\n\t\t\t\t\t\t\t\t\t\t\t\t<label for=\"form-field-message\" class=\"elementor-field-label\">\n\t\t\t\t\t\t\t\tMessage\t\t\t\t\t\t\t<\/label>\n\t\t\t\t\t\t<textarea class=\"elementor-field-textual elementor-field  elementor-size-sm\" name=\"form_fields[message]\" id=\"form-field-message\" rows=\"4\" placeholder=\"Comment pouvons-nous vous aider ?\"><\/textarea>\t\t\t\t<\/div>\n\t\t\t\t\t\t\t\t<div class=\"elementor-field-group elementor-column elementor-field-type-submit elementor-col-30 e-form__buttons elementor-md-100\">\n\t\t\t\t\t<button class=\"elementor-button elementor-size-sm\" type=\"submit\">\n\t\t\t\t\t\t<span class=\"elementor-button-content-wrapper\">\n\t\t\t\t\t\t\t\t\t\t\t\t\t\t\t\t\t\t\t\t\t\t<span class=\"elementor-button-text\">Soumettre<\/span>\n\t\t\t\t\t\t\t\t\t\t\t\t\t<\/span>\n\t\t\t\t\t<\/button>\n\t\t\t\t<\/div>\n\t\t\t<\/div>\n\t\t<input type=\"hidden\" name=\"trp-form-language\" value=\"fr\"\/><\/form>\n\t\t\t\t\t\t<\/div>\n\t\t\t\t<\/div>\n\t\t\t\t\t<\/div>\n\t\t\t\t<\/div>\n\t\t\t\t<\/div>","protected":false},"excerpt":{"rendered":"<p>Bienvenue sur la page de contact de ProcessorLInks. Si vous \u00eates un agriculteur et que vous avez des questions sur notre tableau de bord, sur la collaboration avec les abattoirs, ou si vous avez besoin d'aide pour trouver un abattoir, n'h\u00e9sitez pas \u00e0 nous contacter...<\/p>","protected":false},"author":5,"featured_media":4465,"parent":0,"menu_order":8,"comment_status":"closed","ping_status":"closed","template":"","meta":{"_acf_changed":false,"footnotes":""},"class_list":["post-166","page","type-page","status-publish","has-post-thumbnail","hentry"],"acf":[],"_links":{"self":[{"href":"https:\/\/processorlinks.com\/fr\/wp-json\/wp\/v2\/pages\/166","targetHints":{"allow":["GET"]}}],"collection":[{"href":"https:\/\/processorlinks.com\/fr\/wp-json\/wp\/v2\/pages"}],"about":[{"href":"https:\/\/processorlinks.com\/fr\/wp-json\/wp\/v2\/types\/page"}],"author":[{"embeddable":true,"href":"https:\/\/processorlinks.com\/fr\/wp-json\/wp\/v2\/users\/5"}],"replies":[{"embeddable":true,"href":"https:\/\/processorlinks.com\/fr\/wp-json\/wp\/v2\/comments?post=166"}],"version-history":[{"count":0,"href":"https:\/\/processorlinks.com\/fr\/wp-json\/wp\/v2\/pages\/166\/revisions"}],"wp:featuredmedia":[{"embeddable":true,"href":"https:\/\/processorlinks.com\/fr\/wp-json\/wp\/v2\/media\/4465"}],"wp:attachment":[{"href":"https:\/\/processorlinks.com\/fr\/wp-json\/wp\/v2\/media?parent=166"}],"curies":[{"name":"wp","href":"https:\/\/api.w.org\/{rel}","templated":true}]}}