{"id":141,"date":"2023-07-19T01:03:11","date_gmt":"2023-07-19T06:03:11","guid":{"rendered":"https:\/\/processorlinks.com\/?page_id=141"},"modified":"2023-10-29T18:38:07","modified_gmt":"2023-10-29T23:38:07","slug":"a-propos-de-processorlinks","status":"publish","type":"page","link":"https:\/\/processorlinks.com\/fr\/a-propos-de-processorlinks\/","title":{"rendered":"A propos de"},"content":{"rendered":"<div data-elementor-type=\"wp-page\" data-elementor-id=\"141\" class=\"elementor elementor-141\" data-elementor-post-type=\"page\">\n\t\t\t\t<div class=\"elementor-element elementor-element-7d5207d e-flex e-con-boxed e-con e-parent\" data-id=\"7d5207d\" data-element_type=\"container\" data-e-type=\"container\" data-settings=\"{&quot;background_background&quot;:&quot;classic&quot;}\">\n\t\t\t\t\t<div class=\"e-con-inner\">\n\t\t<div class=\"elementor-element elementor-element-31179ca e-con-full e-flex e-con e-child\" data-id=\"31179ca\" data-element_type=\"container\" data-e-type=\"container\">\n\t\t\t\t<div class=\"elementor-element elementor-element-991ef1a animated-slow elementor-widget-tablet__width-initial elementor-widget__width-initial elementor-widget elementor-widget-heading\" data-id=\"991ef1a\" data-element_type=\"widget\" data-e-type=\"widget\" data-settings=\"{&quot;_animation&quot;:&quot;none&quot;,&quot;_animation_delay&quot;:500}\" tabindex=\"0\" data-widget_type=\"heading.default\">\n\t\t\t\t<div class=\"elementor-widget-container\">\n\t\t\t\t\t<h1 class=\"elementor-heading-title elementor-size-default\">\u00c0 propos de ProcessorLinks<\/h1>\t\t\t\t<\/div>\n\t\t\t\t<\/div>\n\t\t\t\t<div class=\"elementor-element elementor-element-6428d99 elementor-widget elementor-widget-spacer\" data-id=\"6428d99\" data-element_type=\"widget\" data-e-type=\"widget\" data-settings=\"{&quot;_animation&quot;:&quot;none&quot;}\" data-widget_type=\"spacer.default\">\n\t\t\t\t<div class=\"elementor-widget-container\">\n\t\t\t\t\t\t\t<div class=\"elementor-spacer\">\n\t\t\t<div class=\"elementor-spacer-inner\"><\/div>\n\t\t<\/div>\n\t\t\t\t\t\t<\/div>\n\t\t\t\t<\/div>\n\t\t\t\t<div class=\"elementor-element elementor-element-02db4df animated-slow elementor-widget elementor-widget-text-editor\" data-id=\"02db4df\" data-element_type=\"widget\" data-e-type=\"widget\" data-settings=\"{&quot;_animation&quot;:&quot;none&quot;,&quot;_animation_delay&quot;:700}\" tabindex=\"0\" data-widget_type=\"text-editor.default\">\n\t\t\t\t<div class=\"elementor-widget-container\">\n\t\t\t\t\t\t\t\t\t<p class=\"p1\"><span class=\"TextRun SCXW105238906 BCX0\" lang=\"EN-CA\" xml:lang=\"EN-CA\" data-contrast=\"auto\"><span class=\"NormalTextRun SCXW105238906 BCX0\">En tant qu'agriculteur, trouvez-vous difficile de r\u00e9server du temps avec les transformateurs ?Souhaitez-vous contribuer \u00e0 la mise en place d'un outil en ligne permettant de trouver plus facilement les transformateurs disponibles offrant les services dont vous avez besoin au moment o\u00f9 vous en avez besoin ?En tant que transformateur de viande, passez-vous beaucoup de temps \u00e0 r\u00e9server du temps de transformation avec vos clients ?\u00a0<\/span><\/span><\/p><p class=\"p1\"><span class=\"TextRun SCXW105238906 BCX0\" lang=\"EN-CA\" xml:lang=\"EN-CA\" data-contrast=\"auto\"><span class=\"NormalTextRun SCXW105238906 BCX0\">Voulez-vous <\/span><span class=\"NormalTextRun SCXW105238906 BCX0\">participer<\/span><span class=\"NormalTextRun SCXW105238906 BCX0\"> et contribuer \u00e0 une solution qui vous aide, vous et vos clients, \u00e0 programmer et \u00e0 recevoir des rappels afin d'utiliser efficacement la main-d'\u0153uvre qualifi\u00e9e pour transformer les animaux ? Processor Links offre la possibilit\u00e9 de mettre en relation les agriculteurs et les transformateurs pour commencer \u00e0 r\u00e9soudre ce d\u00e9fi industriel !<\/span><\/span><span class=\"EOP SCXW105238906 BCX0\" data-ccp-props=\"{&quot;201341983&quot;:0,&quot;335559739&quot;:0,&quot;335559740&quot;:259}\">\u00a0<\/span><\/p>\t\t\t\t\t\t\t\t<\/div>\n\t\t\t\t<\/div>\n\t\t\t\t<\/div>\n\t\t\t\t\t<\/div>\n\t\t\t\t<\/div>\n\t\t<div class=\"elementor-element elementor-element-2e98122 e-flex e-con-boxed e-con e-parent\" data-id=\"2e98122\" data-element_type=\"container\" data-e-type=\"container\">\n\t\t\t\t\t<div class=\"e-con-inner\">\n\t\t<div class=\"elementor-element elementor-element-daa6b72 e-con-full e-flex e-con e-child\" data-id=\"daa6b72\" data-element_type=\"container\" data-e-type=\"container\">\n\t\t<div class=\"elementor-element elementor-element-a45da0a e-con-full e-flex e-con e-child\" data-id=\"a45da0a\" data-element_type=\"container\" data-e-type=\"container\">\n\t\t<div class=\"elementor-element elementor-element-ffa00d0 e-con-full e-flex e-con e-child\" data-id=\"ffa00d0\" data-element_type=\"container\" data-e-type=\"container\">\n\t\t\t\t<div class=\"elementor-element elementor-element-f990c34 elementor-widget elementor-widget-image\" data-id=\"f990c34\" data-element_type=\"widget\" data-e-type=\"widget\" data-widget_type=\"image.default\">\n\t\t\t\t<div class=\"elementor-widget-container\">\n\t\t\t\t\t\t\t\t\t\t\t\t\t\t\t<img fetchpriority=\"high\" decoding=\"async\" width=\"800\" height=\"534\" src=\"https:\/\/processorlinks.com\/wp-content\/uploads\/2023\/07\/Sheep-5-rolf-schmidbauer-1024x683.jpg\" class=\"attachment-large size-large wp-image-349\" alt=\"ProcessorLinks - Photos de moutons en gros plan.\" srcset=\"https:\/\/processorlinks.com\/wp-content\/uploads\/2023\/07\/Sheep-5-rolf-schmidbauer-1024x683.jpg 1024w, https:\/\/processorlinks.com\/wp-content\/uploads\/2023\/07\/Sheep-5-rolf-schmidbauer-300x200.jpg 300w, https:\/\/processorlinks.com\/wp-content\/uploads\/2023\/07\/Sheep-5-rolf-schmidbauer-768x512.jpg 768w, https:\/\/processorlinks.com\/wp-content\/uploads\/2023\/07\/Sheep-5-rolf-schmidbauer-1536x1024.jpg 1536w, https:\/\/processorlinks.com\/wp-content\/uploads\/2023\/07\/Sheep-5-rolf-schmidbauer.jpg 1920w\" sizes=\"(max-width: 800px) 100vw, 800px\" \/>\t\t\t\t\t\t\t\t\t\t\t\t\t\t\t<\/div>\n\t\t\t\t<\/div>\n\t\t\t\t<\/div>\n\t\t<div class=\"elementor-element elementor-element-f2b2ebe e-con-full e-flex e-con e-child\" data-id=\"f2b2ebe\" data-element_type=\"container\" data-e-type=\"container\">\n\t\t\t\t<div class=\"elementor-element elementor-element-ee6a15c elementor-widget elementor-widget-image\" data-id=\"ee6a15c\" data-element_type=\"widget\" data-e-type=\"widget\" data-widget_type=\"image.default\">\n\t\t\t\t<div class=\"elementor-widget-container\">\n\t\t\t\t\t\t\t\t\t\t\t\t\t\t\t<img decoding=\"async\" width=\"800\" height=\"600\" src=\"https:\/\/processorlinks.com\/wp-content\/uploads\/2023\/07\/Field-of-Cattle-jakob-cotton-UQJf6y91zZs-1024x768.jpg\" class=\"attachment-large size-large wp-image-328\" alt=\"ProcessorLinks - domaine de l&#039;\u00e9levage bovin\/viande bovine.\" srcset=\"https:\/\/processorlinks.com\/wp-content\/uploads\/2023\/07\/Field-of-Cattle-jakob-cotton-UQJf6y91zZs-1024x768.jpg 1024w, https:\/\/processorlinks.com\/wp-content\/uploads\/2023\/07\/Field-of-Cattle-jakob-cotton-UQJf6y91zZs-300x225.jpg 300w, https:\/\/processorlinks.com\/wp-content\/uploads\/2023\/07\/Field-of-Cattle-jakob-cotton-UQJf6y91zZs-768x576.jpg 768w, https:\/\/processorlinks.com\/wp-content\/uploads\/2023\/07\/Field-of-Cattle-jakob-cotton-UQJf6y91zZs-1536x1152.jpg 1536w, https:\/\/processorlinks.com\/wp-content\/uploads\/2023\/07\/Field-of-Cattle-jakob-cotton-UQJf6y91zZs.jpg 1920w\" sizes=\"(max-width: 800px) 100vw, 800px\" \/>\t\t\t\t\t\t\t\t\t\t\t\t\t\t\t<\/div>\n\t\t\t\t<\/div>\n\t\t\t\t<\/div>\n\t\t\t\t<\/div>\n\t\t<div class=\"elementor-element elementor-element-d555b19 e-con-full e-flex e-con e-child\" data-id=\"d555b19\" data-element_type=\"container\" data-e-type=\"container\">\n\t\t<div class=\"elementor-element elementor-element-2d2f0a2 e-con-full e-flex e-con e-child\" data-id=\"2d2f0a2\" data-element_type=\"container\" data-e-type=\"container\">\n\t\t\t\t<div class=\"elementor-element elementor-element-a06a76b elementor-widget elementor-widget-image\" data-id=\"a06a76b\" data-element_type=\"widget\" data-e-type=\"widget\" data-widget_type=\"image.default\">\n\t\t\t\t<div class=\"elementor-widget-container\">\n\t\t\t\t\t\t\t\t\t\t\t\t\t\t\t<img decoding=\"async\" width=\"800\" height=\"536\" src=\"https:\/\/processorlinks.com\/wp-content\/uploads\/2023\/07\/Chicken-pose-egor-myznik-1024x686.jpg\" class=\"attachment-large size-large wp-image-325\" alt=\"ProcessorLinks - les poulets posent.\" srcset=\"https:\/\/processorlinks.com\/wp-content\/uploads\/2023\/07\/Chicken-pose-egor-myznik-1024x686.jpg 1024w, https:\/\/processorlinks.com\/wp-content\/uploads\/2023\/07\/Chicken-pose-egor-myznik-300x201.jpg 300w, https:\/\/processorlinks.com\/wp-content\/uploads\/2023\/07\/Chicken-pose-egor-myznik-768x514.jpg 768w, https:\/\/processorlinks.com\/wp-content\/uploads\/2023\/07\/Chicken-pose-egor-myznik-1536x1029.jpg 1536w, https:\/\/processorlinks.com\/wp-content\/uploads\/2023\/07\/Chicken-pose-egor-myznik.jpg 1920w\" sizes=\"(max-width: 800px) 100vw, 800px\" \/>\t\t\t\t\t\t\t\t\t\t\t\t\t\t\t<\/div>\n\t\t\t\t<\/div>\n\t\t\t\t<\/div>\n\t\t<div class=\"elementor-element elementor-element-4efef38 e-con-full e-flex e-con e-child\" data-id=\"4efef38\" data-element_type=\"container\" data-e-type=\"container\">\n\t\t\t\t<div class=\"elementor-element elementor-element-cee67a3 e-transform elementor-widget elementor-widget-image\" data-id=\"cee67a3\" data-element_type=\"widget\" data-e-type=\"widget\" data-settings=\"{&quot;_transform_flipX_effect&quot;:&quot;transform&quot;}\" data-widget_type=\"image.default\">\n\t\t\t\t<div class=\"elementor-widget-container\">\n\t\t\t\t\t\t\t\t\t\t\t\t\t\t\t<img loading=\"lazy\" decoding=\"async\" width=\"800\" height=\"492\" src=\"https:\/\/processorlinks.com\/wp-content\/uploads\/2023\/07\/processor-links-header-1024x630.jpg\" class=\"attachment-large size-large wp-image-217\" alt=\"ProcessorLinks - \u00c9levage de bovins.\" srcset=\"https:\/\/processorlinks.com\/wp-content\/uploads\/2023\/07\/processor-links-header-1024x630.jpg 1024w, https:\/\/processorlinks.com\/wp-content\/uploads\/2023\/07\/processor-links-header-300x185.jpg 300w, https:\/\/processorlinks.com\/wp-content\/uploads\/2023\/07\/processor-links-header-768x472.jpg 768w, https:\/\/processorlinks.com\/wp-content\/uploads\/2023\/07\/processor-links-header-1536x945.jpg 1536w, https:\/\/processorlinks.com\/wp-content\/uploads\/2023\/07\/processor-links-header.jpg 1871w\" sizes=\"(max-width: 800px) 100vw, 800px\" \/>\t\t\t\t\t\t\t\t\t\t\t\t\t\t\t<\/div>\n\t\t\t\t<\/div>\n\t\t\t\t<\/div>\n\t\t\t\t<\/div>\n\t\t\t\t<\/div>\n\t\t<div class=\"elementor-element elementor-element-9438697 e-con-full e-flex e-con e-child\" data-id=\"9438697\" data-element_type=\"container\" data-e-type=\"container\">\n\t\t\t\t<div class=\"elementor-element elementor-element-da9a425 animated-slow elementor-widget elementor-widget-heading\" data-id=\"da9a425\" data-element_type=\"widget\" data-e-type=\"widget\" data-settings=\"{&quot;_animation&quot;:&quot;none&quot;}\" tabindex=\"0\" data-widget_type=\"heading.default\">\n\t\t\t\t<div class=\"elementor-widget-container\">\n\t\t\t\t\t<h2 class=\"elementor-heading-title elementor-size-default\">Qu'est-ce que ProcessorLinks ? <\/h2>\t\t\t\t<\/div>\n\t\t\t\t<\/div>\n\t\t\t\t<div class=\"elementor-element elementor-element-e405cb5 elementor-widget elementor-widget-text-editor\" data-id=\"e405cb5\" data-element_type=\"widget\" data-e-type=\"widget\" tabindex=\"0\" data-widget_type=\"text-editor.default\">\n\t\t\t\t<div class=\"elementor-widget-container\">\n\t\t\t\t\t\t\t\t\t<p>ProcessorLinks est une initiative de connexion des transformateurs agricoles soutenue par Meat and Poultry Ontario (MPO) et les gouvernements du Canada et de l'Ontario dans le cadre du Partenariat canadien pour l'agriculture.Les participants contribueront \u00e0 la conception d'une solution en ligne qui rendra efficace la recherche de main-d'\u0153uvre qualifi\u00e9e ou le remplissage de votre espace de transformation.<\/p><p>Un membre de notre \u00e9quipe sera pr\u00eat \u00e0 trouver les services dont vous avez besoin ou \u00e0 communiquer avec vos clients pour r\u00e9server un espace.Tout en vous aidant \u00e0 effectuer vos r\u00e9servations, nous recueillerons des informations pr\u00e9cieuses qui fa\u00e7onneront le lien entre l'agriculteur et le transformateur.<\/p>\t\t\t\t\t\t\t\t<\/div>\n\t\t\t\t<\/div>\n\t\t\t\t<\/div>\n\t\t\t\t\t<\/div>\n\t\t\t\t<\/div>\n\t\t<div class=\"elementor-element elementor-element-cf85695 e-flex e-con-boxed e-con e-parent\" data-id=\"cf85695\" data-element_type=\"container\" data-e-type=\"container\">\n\t\t\t\t\t<div class=\"e-con-inner\">\n\t\t<div class=\"elementor-element elementor-element-01dec64 e-flex e-con-boxed e-con e-child\" data-id=\"01dec64\" data-element_type=\"container\" data-e-type=\"container\" data-settings=\"{&quot;animation&quot;:&quot;none&quot;}\">\n\t\t\t\t\t<div class=\"e-con-inner\">\n\t\t<div class=\"elementor-element elementor-element-5a6d1d6 e-con-full e-flex e-con e-child\" data-id=\"5a6d1d6\" data-element_type=\"container\" data-e-type=\"container\">\n\t\t\t\t<div class=\"elementor-element elementor-element-f9d7bf4 animated-slow elementor-widget elementor-widget-heading\" data-id=\"f9d7bf4\" data-element_type=\"widget\" data-e-type=\"widget\" data-settings=\"{&quot;_animation&quot;:&quot;none&quot;}\" tabindex=\"0\" data-widget_type=\"heading.default\">\n\t\t\t\t<div class=\"elementor-widget-container\">\n\t\t\t\t\t<h2 class=\"elementor-heading-title elementor-size-default\">LIENS RAPIDES<\/h2>\t\t\t\t<\/div>\n\t\t\t\t<\/div>\n\t\t\t\t<div class=\"elementor-element elementor-element-7aa183b elementor-widget elementor-widget-spacer\" data-id=\"7aa183b\" data-element_type=\"widget\" data-e-type=\"widget\" data-settings=\"{&quot;_animation&quot;:&quot;none&quot;}\" data-widget_type=\"spacer.default\">\n\t\t\t\t<div class=\"elementor-widget-container\">\n\t\t\t\t\t\t\t<div class=\"elementor-spacer\">\n\t\t\t<div class=\"elementor-spacer-inner\"><\/div>\n\t\t<\/div>\n\t\t\t\t\t\t<\/div>\n\t\t\t\t<\/div>\n\t\t<div class=\"elementor-element elementor-element-9289e02 e-con-full e-flex e-con e-child\" data-id=\"9289e02\" data-element_type=\"container\" data-e-type=\"container\">\n\t\t<div class=\"elementor-element elementor-element-9f8d86e e-con-full e-flex e-con e-child\" data-id=\"9f8d86e\" data-element_type=\"container\" data-e-type=\"container\" data-settings=\"{&quot;background_background&quot;:&quot;classic&quot;}\">\n\t\t\t\t<div class=\"elementor-element elementor-element-ba6ef9b elementor-widget elementor-widget-heading\" data-id=\"ba6ef9b\" data-element_type=\"widget\" data-e-type=\"widget\" tabindex=\"0\" data-widget_type=\"heading.default\">\n\t\t\t\t<div class=\"elementor-widget-container\">\n\t\t\t\t\t<h2 class=\"elementor-heading-title elementor-size-default\">En savoir plus sur ProcessorLinks\n<\/h2>\t\t\t\t<\/div>\n\t\t\t\t<\/div>\n\t\t\t\t<div class=\"elementor-element elementor-element-e511078 elementor-widget elementor-widget-text-editor\" data-id=\"e511078\" data-element_type=\"widget\" data-e-type=\"widget\" tabindex=\"0\" data-widget_type=\"text-editor.default\">\n\t\t\t\t<div class=\"elementor-widget-container\">\n\t\t\t\t\t\t\t\t\t<p class=\"p1\">Contactez-nous d\u00e8s aujourd'hui pour en savoir plus sur ProcessorLinks et sur la mani\u00e8re dont vous pouvez participer \u00e0 un projet pilote qui met en relation les agriculteurs et les transformateurs. Nous sommes l\u00e0 pour rendre votre exp\u00e9rience plus transparente et plus efficace.<\/p>\t\t\t\t\t\t\t\t<\/div>\n\t\t\t\t<\/div>\n\t\t\t\t<div class=\"elementor-element elementor-element-ff0f685 elementor-align-justify elementor-widget__width-initial elementor-button-info elementor-widget elementor-widget-button\" data-id=\"ff0f685\" data-element_type=\"widget\" data-e-type=\"widget\" data-settings=\"{&quot;_animation&quot;:&quot;none&quot;}\" aria=\"a google map link for directions to the abattoirs locations\" data-widget_type=\"button.default\">\n\t\t\t\t<div class=\"elementor-widget-container\">\n\t\t\t\t\t\t\t\t\t<div class=\"elementor-button-wrapper\">\n\t\t\t\t\t<a class=\"elementor-button elementor-button-link elementor-size-sm\" href=\"https:\/\/forms.office.com\/Pages\/ResponsePage.aspx?id=L6fsYNZ6WE6foEHTLvp7wQ2TI7mpBI5LkAoe9ZzebItUNktCTUlLRFpJNksyQzlLWkdIUk0wNlJTQy4u\" id=\"learn-farmers\" rel=\"nofollow noopener\" target=\"_blank\">\n\t\t\t\t\t\t<span class=\"elementor-button-content-wrapper\">\n\t\t\t\t\t\t\t\t\t<span class=\"elementor-button-text\"> AGRICULTEURS<\/span>\n\t\t\t\t\t<\/span>\n\t\t\t\t\t<\/a>\n\t\t\t\t<\/div>\n\t\t\t\t\t\t\t\t<\/div>\n\t\t\t\t<\/div>\n\t\t\t\t<div class=\"elementor-element elementor-element-4d0b626 elementor-align-justify elementor-widget__width-initial elementor-button-info elementor-widget elementor-widget-button\" data-id=\"4d0b626\" data-element_type=\"widget\" data-e-type=\"widget\" data-settings=\"{&quot;_animation&quot;:&quot;none&quot;}\" aria=\"a google map link for directions to the abattoirs locations\" data-widget_type=\"button.default\">\n\t\t\t\t<div class=\"elementor-widget-container\">\n\t\t\t\t\t\t\t\t\t<div class=\"elementor-button-wrapper\">\n\t\t\t\t\t<a class=\"elementor-button elementor-button-link elementor-size-sm\" href=\"https:\/\/forms.office.com\/Pages\/ResponsePage.aspx?id=L6fsYNZ6WE6foEHTLvp7wQ2TI7mpBI5LkAoe9ZzebItUNjkyTkJZUjdKTE4yVVRVSkxHUFlOUTVGWC4u\" id=\"learn-abattoirs\" rel=\"nofollow noopener\" target=\"_blank\">\n\t\t\t\t\t\t<span class=\"elementor-button-content-wrapper\">\n\t\t\t\t\t\t\t\t\t<span class=\"elementor-button-text\">ABATTOIRS<\/span>\n\t\t\t\t\t<\/span>\n\t\t\t\t\t<\/a>\n\t\t\t\t<\/div>\n\t\t\t\t\t\t\t\t<\/div>\n\t\t\t\t<\/div>\n\t\t\t\t<\/div>\n\t\t<div class=\"elementor-element elementor-element-90a1eef e-con-full e-flex e-con e-child\" data-id=\"90a1eef\" data-element_type=\"container\" data-e-type=\"container\" data-settings=\"{&quot;background_background&quot;:&quot;classic&quot;}\">\n\t\t\t\t<div class=\"elementor-element elementor-element-5442eea elementor-widget elementor-widget-heading\" data-id=\"5442eea\" data-element_type=\"widget\" data-e-type=\"widget\" tabindex=\"0\" data-widget_type=\"heading.default\">\n\t\t\t\t<div class=\"elementor-widget-container\">\n\t\t\t\t\t<h2 class=\"elementor-heading-title elementor-size-default\">TABLEAU DE BORD DES R\u00c9SERVATIONS<\/h2>\t\t\t\t<\/div>\n\t\t\t\t<\/div>\n\t\t\t\t<div class=\"elementor-element elementor-element-115da9a elementor-widget elementor-widget-text-editor\" data-id=\"115da9a\" data-element_type=\"widget\" data-e-type=\"widget\" tabindex=\"0\" data-widget_type=\"text-editor.default\">\n\t\t\t\t<div class=\"elementor-widget-container\">\n\t\t\t\t\t\t\t\t\t<p>Notre tableau de bord de r\u00e9servation rend la r\u00e9servation d'un service aupr\u00e8s d'un abbatoir facile et efficace. Cet outil vous permet d'acc\u00e9der aux dates et heures disponibles pour le service dont vous avez besoin et de prendre rendez-vous en quelques clics.<\/p>\t\t\t\t\t\t\t\t<\/div>\n\t\t\t\t<\/div>\n\t\t\t\t<div class=\"elementor-element elementor-element-7509edf elementor-align-justify elementor-widget__width-initial elementor-button-info elementor-widget elementor-widget-button\" data-id=\"7509edf\" data-element_type=\"widget\" data-e-type=\"widget\" data-settings=\"{&quot;_animation&quot;:&quot;none&quot;}\" aria=\"a google map link for directions to the abattoirs locations\" data-widget_type=\"button.default\">\n\t\t\t\t<div class=\"elementor-widget-container\">\n\t\t\t\t\t\t\t\t\t<div class=\"elementor-button-wrapper\">\n\t\t\t\t\t<a class=\"elementor-button elementor-button-link elementor-size-sm\" href=\"https:\/\/processorlinks.com\/fr\/tableau-de-bord-des-reservations\/\" id=\"booking-dashboard-btn\">\n\t\t\t\t\t\t<span class=\"elementor-button-content-wrapper\">\n\t\t\t\t\t\t\t\t\t<span class=\"elementor-button-text\">TABLEAU DE BORD DES R\u00c9SERVATIONS<\/span>\n\t\t\t\t\t<\/span>\n\t\t\t\t\t<\/a>\n\t\t\t\t<\/div>\n\t\t\t\t\t\t\t\t<\/div>\n\t\t\t\t<\/div>\n\t\t\t\t<div class=\"elementor-element elementor-element-c0a29c4 elementor-align-justify elementor-widget__width-initial elementor-button-info elementor-widget elementor-widget-button\" data-id=\"c0a29c4\" data-element_type=\"widget\" data-e-type=\"widget\" data-settings=\"{&quot;_animation&quot;:&quot;none&quot;}\" aria=\"a google map link for directions to the abattoirs locations\" data-widget_type=\"button.default\">\n\t\t\t\t<div class=\"elementor-widget-container\">\n\t\t\t\t\t\t\t\t\t<div class=\"elementor-button-wrapper\">\n\t\t\t\t\t<a class=\"elementor-button elementor-button-link elementor-size-sm\" href=\"https:\/\/processorlinks.com\/fr\/demandes-dinspection\/\" id=\"omafra-inspection-request-btn\">\n\t\t\t\t\t\t<span class=\"elementor-button-content-wrapper\">\n\t\t\t\t\t\t\t\t\t<span class=\"elementor-button-text\">DEMANDE D'INSPECTION OMAFRA<\/span>\n\t\t\t\t\t<\/span>\n\t\t\t\t\t<\/a>\n\t\t\t\t<\/div>\n\t\t\t\t\t\t\t\t<\/div>\n\t\t\t\t<\/div>\n\t\t\t\t<\/div>\n\t\t\t\t<\/div>\n\t\t\t\t<\/div>\n\t\t\t\t\t<\/div>\n\t\t\t\t<\/div>\n\t\t\t\t\t<\/div>\n\t\t\t\t<\/div>\n\t\t<div class=\"elementor-element elementor-element-d19bf58 e-flex e-con-boxed e-con e-parent\" data-id=\"d19bf58\" data-element_type=\"container\" data-e-type=\"container\">\n\t\t\t\t\t<div class=\"e-con-inner\">\n\t\t<div class=\"elementor-element elementor-element-336e520 e-con-full e-flex e-con e-child\" data-id=\"336e520\" data-element_type=\"container\" data-e-type=\"container\">\n\t\t\t\t<div class=\"elementor-element elementor-element-4b80335 elementor-widget elementor-widget-heading\" data-id=\"4b80335\" data-element_type=\"widget\" data-e-type=\"widget\" tabindex=\"0\" data-widget_type=\"heading.default\">\n\t\t\t\t<div class=\"elementor-widget-container\">\n\t\t\t\t\t<h2 class=\"elementor-heading-title elementor-size-default\">Nos co-cr\u00e9ateurs<\/h2>\t\t\t\t<\/div>\n\t\t\t\t<\/div>\n\t\t\t\t<div class=\"elementor-element elementor-element-5af8790 elementor-widget elementor-widget-spacer\" data-id=\"5af8790\" data-element_type=\"widget\" data-e-type=\"widget\" data-settings=\"{&quot;_animation&quot;:&quot;none&quot;}\" data-widget_type=\"spacer.default\">\n\t\t\t\t<div class=\"elementor-widget-container\">\n\t\t\t\t\t\t\t<div class=\"elementor-spacer\">\n\t\t\t<div class=\"elementor-spacer-inner\"><\/div>\n\t\t<\/div>\n\t\t\t\t\t\t<\/div>\n\t\t\t\t<\/div>\n\t\t<div class=\"elementor-element elementor-element-ff825b0 e-con-full e-grid e-con e-child\" data-id=\"ff825b0\" data-element_type=\"container\" data-e-type=\"container\">\n\t\t<div class=\"elementor-element elementor-element-a4e8822 e-con-full e-flex e-con e-child\" data-id=\"a4e8822\" data-element_type=\"container\" data-e-type=\"container\">\n\t\t\t\t<div class=\"elementor-element elementor-element-70bcbe5 elementor-widget-mobile__width-initial elementor-widget elementor-widget-image\" data-id=\"70bcbe5\" data-element_type=\"widget\" data-e-type=\"widget\" aria=\"Click here to visit the MPO webpage.\" data-widget_type=\"image.default\">\n\t\t\t\t<div class=\"elementor-widget-container\">\n\t\t\t\t\t\t\t\t\t\t\t\t\t\t\t\t<a href=\"https:\/\/www.meatpoultryon.ca\/\" target=\"_blank\" mpo=\"\" rel=\"nofollow noopener\">\n\t\t\t\t\t\t\t<img loading=\"lazy\" decoding=\"async\" width=\"800\" height=\"314\" src=\"https:\/\/processorlinks.com\/wp-content\/uploads\/2023\/08\/MPO_Final_Main.png\" class=\"attachment-large size-large wp-image-5472\" alt=\"Logo de Meat and Poultry Ontario (viande et volaille de l&#039;Ontario).\" srcset=\"https:\/\/processorlinks.com\/wp-content\/uploads\/2023\/08\/MPO_Final_Main.png 964w, https:\/\/processorlinks.com\/wp-content\/uploads\/2023\/08\/MPO_Final_Main-300x118.png 300w, https:\/\/processorlinks.com\/wp-content\/uploads\/2023\/08\/MPO_Final_Main-768x301.png 768w\" sizes=\"(max-width: 800px) 100vw, 800px\" \/>\t\t\t\t\t\t\t\t<\/a>\n\t\t\t\t\t\t\t\t\t\t\t\t\t\t\t<\/div>\n\t\t\t\t<\/div>\n\t\t\t\t<\/div>\n\t\t<div class=\"elementor-element elementor-element-4d506b3 e-con-full e-flex e-con e-child\" data-id=\"4d506b3\" data-element_type=\"container\" data-e-type=\"container\">\n\t\t\t\t<div class=\"elementor-element elementor-element-976a515 elementor-widget-mobile__width-initial elementor-widget elementor-widget-image\" data-id=\"976a515\" data-element_type=\"widget\" data-e-type=\"widget\" aria=\"Click here to visit the bioLinks webpage.\" data-widget_type=\"image.default\">\n\t\t\t\t<div class=\"elementor-widget-container\">\n\t\t\t\t\t\t\t\t\t\t\t\t\t\t\t\t<a href=\"https:\/\/agsights.com\/\" target=\"_blank\" agsights=\"\" rel=\"nofollow noopener\">\n\t\t\t\t\t\t\t<img loading=\"lazy\" decoding=\"async\" width=\"800\" height=\"148\" src=\"https:\/\/processorlinks.com\/wp-content\/uploads\/2023\/08\/AgSights-logo-Transparent-1024x190.png\" class=\"attachment-large size-large wp-image-1279\" alt=\"Logo AgSights.\" srcset=\"https:\/\/processorlinks.com\/wp-content\/uploads\/2023\/08\/AgSights-logo-Transparent-1024x190.png 1024w, https:\/\/processorlinks.com\/wp-content\/uploads\/2023\/08\/AgSights-logo-Transparent-300x56.png 300w, https:\/\/processorlinks.com\/wp-content\/uploads\/2023\/08\/AgSights-logo-Transparent-768x143.png 768w, https:\/\/processorlinks.com\/wp-content\/uploads\/2023\/08\/AgSights-logo-Transparent.png 1183w\" sizes=\"(max-width: 800px) 100vw, 800px\" \/>\t\t\t\t\t\t\t\t<\/a>\n\t\t\t\t\t\t\t\t\t\t\t\t\t\t\t<\/div>\n\t\t\t\t<\/div>\n\t\t\t\t<\/div>\n\t\t\t\t<\/div>\n\t\t\t\t<\/div>\n\t\t\t\t\t<\/div>\n\t\t\t\t<\/div>\n\t\t\t\t<\/div>","protected":false},"excerpt":{"rendered":"<p>A propos de ProcessorLinks - En tant qu'agriculteur, trouvez-vous difficile de r\u00e9server du temps avec les transformateurs ?Voulez-vous trouver des transformateurs disponibles qui offrent les services dont vous avez besoin quand vous en avez besoin ?<\/p>","protected":false},"author":5,"featured_media":4268,"parent":0,"menu_order":2,"comment_status":"closed","ping_status":"closed","template":"","meta":{"_acf_changed":false,"footnotes":""},"class_list":["post-141","page","type-page","status-publish","has-post-thumbnail","hentry"],"acf":[],"_links":{"self":[{"href":"https:\/\/processorlinks.com\/fr\/wp-json\/wp\/v2\/pages\/141","targetHints":{"allow":["GET"]}}],"collection":[{"href":"https:\/\/processorlinks.com\/fr\/wp-json\/wp\/v2\/pages"}],"about":[{"href":"https:\/\/processorlinks.com\/fr\/wp-json\/wp\/v2\/types\/page"}],"author":[{"embeddable":true,"href":"https:\/\/processorlinks.com\/fr\/wp-json\/wp\/v2\/users\/5"}],"replies":[{"embeddable":true,"href":"https:\/\/processorlinks.com\/fr\/wp-json\/wp\/v2\/comments?post=141"}],"version-history":[{"count":0,"href":"https:\/\/processorlinks.com\/fr\/wp-json\/wp\/v2\/pages\/141\/revisions"}],"wp:featuredmedia":[{"embeddable":true,"href":"https:\/\/processorlinks.com\/fr\/wp-json\/wp\/v2\/media\/4268"}],"wp:attachment":[{"href":"https:\/\/processorlinks.com\/fr\/wp-json\/wp\/v2\/media?parent=141"}],"curies":[{"name":"wp","href":"https:\/\/api.w.org\/{rel}","templated":true}]}}