{"id":1001,"date":"2023-07-31T20:51:08","date_gmt":"2023-08-01T01:51:08","guid":{"rendered":"https:\/\/processorlinks.com\/?page_id=1001"},"modified":"2023-09-20T10:08:29","modified_gmt":"2023-09-20T15:08:29","slug":"nouvelles-de-lindustrie","status":"publish","type":"page","link":"https:\/\/processorlinks.com\/fr\/nouvelles-de-lindustrie\/","title":{"rendered":"Nouvelles de l'industrie"},"content":{"rendered":"<div data-elementor-type=\"wp-page\" data-elementor-id=\"1001\" class=\"elementor elementor-1001\" data-elementor-post-type=\"page\">\n\t\t\t\t<div class=\"elementor-element elementor-element-cda048a e-flex e-con-boxed e-con e-parent\" data-id=\"cda048a\" data-element_type=\"container\" data-e-type=\"container\" data-settings=\"{&quot;background_background&quot;:&quot;classic&quot;}\">\n\t\t\t\t\t<div class=\"e-con-inner\">\n\t\t<div class=\"elementor-element elementor-element-fee8464 e-con-full e-flex e-con e-child\" data-id=\"fee8464\" data-element_type=\"container\" data-e-type=\"container\">\n\t\t<main class=\"elementor-element elementor-element-22390cc e-con-full e-flex e-con e-child\" data-id=\"22390cc\" data-element_type=\"container\" data-e-type=\"container\">\n\t\t\t\t<div class=\"elementor-element elementor-element-929e350 animated-slow elementor-widget elementor-widget-heading\" data-id=\"929e350\" data-element_type=\"widget\" data-e-type=\"widget\" data-settings=\"{&quot;_animation&quot;:&quot;none&quot;,&quot;_animation_delay&quot;:500}\" tabindex=\"0\" data-widget_type=\"heading.default\">\n\t\t\t\t<div class=\"elementor-widget-container\">\n\t\t\t\t\t<h1 class=\"elementor-heading-title elementor-size-default\">Nouvelles de l'industrie<\/h1>\t\t\t\t<\/div>\n\t\t\t\t<\/div>\n\t\t\t\t<div class=\"elementor-element elementor-element-8452106 elementor-widget elementor-widget-spacer\" data-id=\"8452106\" data-element_type=\"widget\" data-e-type=\"widget\" data-settings=\"{&quot;_animation&quot;:&quot;none&quot;}\" data-widget_type=\"spacer.default\">\n\t\t\t\t<div class=\"elementor-widget-container\">\n\t\t\t\t\t\t\t<div class=\"elementor-spacer\">\n\t\t\t<div class=\"elementor-spacer-inner\"><\/div>\n\t\t<\/div>\n\t\t\t\t\t\t<\/div>\n\t\t\t\t<\/div>\n\t\t\t\t<div class=\"elementor-element elementor-element-4f97c85 elementor-widget elementor-widget-text-editor\" data-id=\"4f97c85\" data-element_type=\"widget\" data-e-type=\"widget\" tabindex=\"0\" data-widget_type=\"text-editor.default\">\n\t\t\t\t<div class=\"elementor-widget-container\">\n\t\t\t\t\t\t\t\t\t<p class=\"p1\">Bienvenue dans notre section consacr\u00e9e \u00e0 l'actualit\u00e9 du secteur. Vous y trouverez des informations sur le march\u00e9, des rapports sur les tendances, des informations sur les \u00e9v\u00e9nements \u00e0 venir, ainsi que des ressources et un soutien suppl\u00e9mentaires.<span class=\"Apple-converted-space\">\u00a0<\/span><\/p><p class=\"p1\">S\u00e9lectionnez les boutons de cat\u00e9gories pour filtrer votre recherche de contenu, ou le bouton \"En savoir plus\" pour afficher plus d'articles, de posts et d'analyses.<\/p>\t\t\t\t\t\t\t\t<\/div>\n\t\t\t\t<\/div>\n\t\t\t\t<\/main>\n\t\t\t\t<\/div>\n\t\t\t\t\t<\/div>\n\t\t\t\t<\/div>\n\t\t<div class=\"elementor-element elementor-element-7c79271 e-flex e-con-boxed e-con e-parent\" data-id=\"7c79271\" data-element_type=\"container\" data-e-type=\"container\">\n\t\t\t\t\t<div class=\"e-con-inner\">\n\t\t<div class=\"elementor-element elementor-element-befd340 e-con-full e-flex e-con e-child\" data-id=\"befd340\" data-element_type=\"container\" data-e-type=\"container\">\n\t\t\t\t<div class=\"elementor-element elementor-element-e649b23 elementor-widget elementor-widget-heading\" data-id=\"e649b23\" data-element_type=\"widget\" data-e-type=\"widget\" tabindex=\"0\" data-widget_type=\"heading.default\">\n\t\t\t\t<div class=\"elementor-widget-container\">\n\t\t\t\t\t<h2 class=\"elementor-heading-title elementor-size-default\">Filtre de cat\u00e9gorie<\/h2>\t\t\t\t<\/div>\n\t\t\t\t<\/div>\n\t\t\t\t<div class=\"elementor-element elementor-element-459a66c elementor-widget-tablet__width-initial elementor-widget-mobile__width-initial elementor-widget elementor-widget-jet-smart-filters-checkboxes\" data-id=\"459a66c\" data-element_type=\"widget\" data-e-type=\"widget\" data-widget_type=\"jet-smart-filters-checkboxes.default\">\n\t\t\t\t<div class=\"elementor-widget-container\">\n\t\t\t\t\t<div class=\"jet-smart-filters-checkboxes jet-filter\" data-indexer-rule=\"show\" data-show-counter=\"\" data-change-counter=\"always\"><div class=\"jet-checkboxes-list\" data-query-type=\"tax_query\" data-query-var=\"category\" data-smart-filter=\"checkboxes\" data-filter-id=\"1056\" data-apply-type=\"ajax\" data-content-provider=\"epro-posts\" data-additional-providers=\"\" data-query-id=\"default\" data-active-label=\"Active Category\" data-layout-options=\"{&quot;show_label&quot;:&quot;&quot;,&quot;display_options&quot;:{&quot;show_items_label&quot;:false,&quot;show_decorator&quot;:&quot;yes&quot;,&quot;filter_image_size&quot;:&quot;full&quot;,&quot;show_counter&quot;:false}}\" data-query-var-suffix=\"\" data-apply-on=\"submit\"><div class=\"jet-filter-items-search\">\n\t<input\n\t\tclass=\"jet-filter-items-search__input\"\n\t\ttype=\"search\"\n\t\tautocomplete=\"off\"\n\t\taria-label=\"Recherche dans les cat\u00e9gories de nouvelles\"\n\t\tplaceholder=\"Recherche...\"\t>\n\t<div class=\"jet-filter-items-search__clear\">\n\t\t<svg width=\"22\" height=\"28\" viewbox=\"0 0 22 28\" xmlns=\"http:\/\/www.w3.org\/2000\/svg\">\n\t<path d=\"M20.281 20.656c0 0.391-0.156 0.781-0.438 1.062l-2.125 2.125c-0.281 0.281-0.672 0.438-1.062 0.438s-0.781-0.156-1.062-0.438l-4.594-4.594-4.594 4.594c-0.281 0.281-0.672 0.438-1.062 0.438s-0.781-0.156-1.062-0.438l-2.125-2.125c-0.281-0.281-0.438-0.672-0.438-1.062s0.156-0.781 0.438-1.062l4.594-4.594-4.594-4.594c-0.281-0.281-0.438-0.672-0.438-1.062s0.156-0.781 0.438-1.062l2.125-2.125c0.281-0.281 0.672-0.438 1.062-0.438s0.781 0.156 1.062 0.438l4.594 4.594 4.594-4.594c0.281-0.281 0.672-0.438 1.062-0.438s0.781 0.156 1.062 0.438l2.125 2.125c0.281 0.281 0.438 0.672 0.438 1.062s-0.156 0.781-0.438 1.062l-4.594 4.594 4.594 4.594c0.281 0.281 0.438 0.672 0.438 1.062z\"><\/path>\n<\/svg>\n\t<\/div>\n<\/div><fieldset class=\"jet-checkboxes-list-wrapper\"><legend style=\"display:none;\">Cat\u00e9gories de nouvelles<\/legend><div class=\"jet-checkboxes-list__row jet-filter-row\">\n\t\t<label class=\"jet-checkboxes-list__item\" tabindex=\"0\">\n\t\t<input\n\t\t\ttype=\"checkbox\"\n\t\t\tclass=\"jet-checkboxes-list__input\"\n\t\t\tname=\"category\"\n\t\t\tvalue=\"20\"\n\t\t\tdata-label=\"Ask OMAFRA\"\n\t\t\t\t\t\taria-label=\"Demandez \u00e0 l&#039;OMAFRA\"\n\t\t\t\t\t>\n\t\t<div class=\"jet-checkboxes-list__button\">\n\t\t\t\t\t\t\t<span class=\"jet-checkboxes-list__decorator\">\n\t\t\t\t\t<i class=\"jet-checkboxes-list__checked-icon\"><svg width=\"28\" height=\"28\" viewbox=\"0 0 28 28\" xmlns=\"http:\/\/www.w3.org\/2000\/svg\">\n\t<path d=\"M26.109 8.844c0 0.391-0.156 0.781-0.438 1.062l-13.438 13.438c-0.281 0.281-0.672 0.438-1.062 0.438s-0.781-0.156-1.062-0.438l-7.781-7.781c-0.281-0.281-0.438-0.672-0.438-1.062s0.156-0.781 0.438-1.062l2.125-2.125c0.281-0.281 0.672-0.438 1.062-0.438s0.781 0.156 1.062 0.438l4.594 4.609 10.25-10.266c0.281-0.281 0.672-0.438 1.062-0.438s0.781 0.156 1.062 0.438l2.125 2.125c0.281 0.281 0.438 0.672 0.438 1.062z\"><\/path>\n<\/svg>\n<\/i>\n\t\t\t\t<\/span>\n\t\t\t\t\t\t<span class=\"jet-checkboxes-list__label\">Demandez \u00e0 l'OMAFRA<\/span>\n\t\t\t\t\t<\/div>\n\t<\/label>\n<\/div><div class=\"jet-checkboxes-list__row jet-filter-row\">\n\t\t<label class=\"jet-checkboxes-list__item\" tabindex=\"0\">\n\t\t<input\n\t\t\ttype=\"checkbox\"\n\t\t\tclass=\"jet-checkboxes-list__input\"\n\t\t\tname=\"category\"\n\t\t\tvalue=\"17\"\n\t\t\tdata-label=\"Industry News\"\n\t\t\t\t\t\taria-label=\"Nouvelles de l&#039;industrie\"\n\t\t\t\t\t>\n\t\t<div class=\"jet-checkboxes-list__button\">\n\t\t\t\t\t\t\t<span class=\"jet-checkboxes-list__decorator\">\n\t\t\t\t\t<i class=\"jet-checkboxes-list__checked-icon\"><svg width=\"28\" height=\"28\" viewbox=\"0 0 28 28\" xmlns=\"http:\/\/www.w3.org\/2000\/svg\">\n\t<path d=\"M26.109 8.844c0 0.391-0.156 0.781-0.438 1.062l-13.438 13.438c-0.281 0.281-0.672 0.438-1.062 0.438s-0.781-0.156-1.062-0.438l-7.781-7.781c-0.281-0.281-0.438-0.672-0.438-1.062s0.156-0.781 0.438-1.062l2.125-2.125c0.281-0.281 0.672-0.438 1.062-0.438s0.781 0.156 1.062 0.438l4.594 4.609 10.25-10.266c0.281-0.281 0.672-0.438 1.062-0.438s0.781 0.156 1.062 0.438l2.125 2.125c0.281 0.281 0.438 0.672 0.438 1.062z\"><\/path>\n<\/svg>\n<\/i>\n\t\t\t\t<\/span>\n\t\t\t\t\t\t<span class=\"jet-checkboxes-list__label\">Nouvelles de l'industrie<\/span>\n\t\t\t\t\t<\/div>\n\t<\/label>\n<\/div><div class=\"jet-checkboxes-list__row jet-filter-row\">\n\t\t<label class=\"jet-checkboxes-list__item\" tabindex=\"0\">\n\t\t<input\n\t\t\ttype=\"checkbox\"\n\t\t\tclass=\"jet-checkboxes-list__input\"\n\t\t\tname=\"category\"\n\t\t\tvalue=\"16\"\n\t\t\tdata-label=\"Market Trends\"\n\t\t\t\t\t\taria-label=\"Tendances du march\u00e9\"\n\t\t\t\t\t>\n\t\t<div class=\"jet-checkboxes-list__button\">\n\t\t\t\t\t\t\t<span class=\"jet-checkboxes-list__decorator\">\n\t\t\t\t\t<i class=\"jet-checkboxes-list__checked-icon\"><svg width=\"28\" height=\"28\" viewbox=\"0 0 28 28\" xmlns=\"http:\/\/www.w3.org\/2000\/svg\">\n\t<path d=\"M26.109 8.844c0 0.391-0.156 0.781-0.438 1.062l-13.438 13.438c-0.281 0.281-0.672 0.438-1.062 0.438s-0.781-0.156-1.062-0.438l-7.781-7.781c-0.281-0.281-0.438-0.672-0.438-1.062s0.156-0.781 0.438-1.062l2.125-2.125c0.281-0.281 0.672-0.438 1.062-0.438s0.781 0.156 1.062 0.438l4.594 4.609 10.25-10.266c0.281-0.281 0.672-0.438 1.062-0.438s0.781 0.156 1.062 0.438l2.125 2.125c0.281 0.281 0.438 0.672 0.438 1.062z\"><\/path>\n<\/svg>\n<\/i>\n\t\t\t\t<\/span>\n\t\t\t\t\t\t<span class=\"jet-checkboxes-list__label\">Tendances du march\u00e9<\/span>\n\t\t\t\t\t<\/div>\n\t<\/label>\n<\/div><div class=\"jet-checkboxes-list__row jet-filter-row\">\n\t\t<label class=\"jet-checkboxes-list__item\" tabindex=\"0\">\n\t\t<input\n\t\t\ttype=\"checkbox\"\n\t\t\tclass=\"jet-checkboxes-list__input\"\n\t\t\tname=\"category\"\n\t\t\tvalue=\"19\"\n\t\t\tdata-label=\"Provincial Updates\"\n\t\t\t\t\t\taria-label=\"Mises \u00e0 jour provinciales\"\n\t\t\t\t\t>\n\t\t<div class=\"jet-checkboxes-list__button\">\n\t\t\t\t\t\t\t<span class=\"jet-checkboxes-list__decorator\">\n\t\t\t\t\t<i class=\"jet-checkboxes-list__checked-icon\"><svg width=\"28\" height=\"28\" viewbox=\"0 0 28 28\" xmlns=\"http:\/\/www.w3.org\/2000\/svg\">\n\t<path d=\"M26.109 8.844c0 0.391-0.156 0.781-0.438 1.062l-13.438 13.438c-0.281 0.281-0.672 0.438-1.062 0.438s-0.781-0.156-1.062-0.438l-7.781-7.781c-0.281-0.281-0.438-0.672-0.438-1.062s0.156-0.781 0.438-1.062l2.125-2.125c0.281-0.281 0.672-0.438 1.062-0.438s0.781 0.156 1.062 0.438l4.594 4.609 10.25-10.266c0.281-0.281 0.672-0.438 1.062-0.438s0.781 0.156 1.062 0.438l2.125 2.125c0.281 0.281 0.438 0.672 0.438 1.062z\"><\/path>\n<\/svg>\n<\/i>\n\t\t\t\t<\/span>\n\t\t\t\t\t\t<span class=\"jet-checkboxes-list__label\">Mises \u00e0 jour provinciales<\/span>\n\t\t\t\t\t<\/div>\n\t<\/label>\n<\/div><div class=\"jet-checkboxes-list__row jet-filter-row\">\n\t\t<label class=\"jet-checkboxes-list__item\" tabindex=\"0\">\n\t\t<input\n\t\t\ttype=\"checkbox\"\n\t\t\tclass=\"jet-checkboxes-list__input\"\n\t\t\tname=\"category\"\n\t\t\tvalue=\"18\"\n\t\t\tdata-label=\"Upcoming Events\"\n\t\t\t\t\t\taria-label=\"\u00c9v\u00e9nements \u00e0 venir\"\n\t\t\t\t\t>\n\t\t<div class=\"jet-checkboxes-list__button\">\n\t\t\t\t\t\t\t<span class=\"jet-checkboxes-list__decorator\">\n\t\t\t\t\t<i class=\"jet-checkboxes-list__checked-icon\"><svg width=\"28\" height=\"28\" viewbox=\"0 0 28 28\" xmlns=\"http:\/\/www.w3.org\/2000\/svg\">\n\t<path d=\"M26.109 8.844c0 0.391-0.156 0.781-0.438 1.062l-13.438 13.438c-0.281 0.281-0.672 0.438-1.062 0.438s-0.781-0.156-1.062-0.438l-7.781-7.781c-0.281-0.281-0.438-0.672-0.438-1.062s0.156-0.781 0.438-1.062l2.125-2.125c0.281-0.281 0.672-0.438 1.062-0.438s0.781 0.156 1.062 0.438l4.594 4.609 10.25-10.266c0.281-0.281 0.672-0.438 1.062-0.438s0.781 0.156 1.062 0.438l2.125 2.125c0.281 0.281 0.438 0.672 0.438 1.062z\"><\/path>\n<\/svg>\n<\/i>\n\t\t\t\t<\/span>\n\t\t\t\t\t\t<span class=\"jet-checkboxes-list__label\">\u00c9v\u00e9nements \u00e0 venir<\/span>\n\t\t\t\t\t<\/div>\n\t<\/label>\n<\/div><\/fieldset><\/div>\n<\/div><div class=\"apply-filters\">\n\t<button\n\t\ttype=\"button\"\n\t\tclass=\"apply-filters__button\"\n\t\t\t\ttabindex=\"0\"\t>Appliquer<\/button>\n<\/div>\t\t\t\t<\/div>\n\t\t\t\t<\/div>\n\t\t\t\t<\/div>\n\t\t<div class=\"elementor-element elementor-element-708f9d6 e-con-full e-flex e-con e-child\" data-id=\"708f9d6\" data-element_type=\"container\" data-e-type=\"container\">\n\t\t\t\t<div class=\"elementor-element elementor-element-a6416b4 elementor-posts--align-left elementor-grid-3 elementor-grid-tablet-2 elementor-grid-mobile-1 elementor-posts--thumbnail-top elementor-widget elementor-widget-posts\" data-id=\"a6416b4\" data-element_type=\"widget\" data-e-type=\"widget\" data-settings=\"{&quot;pagination_type&quot;:&quot;load_more_infinite_scroll&quot;,&quot;classic_columns&quot;:&quot;3&quot;,&quot;classic_columns_tablet&quot;:&quot;2&quot;,&quot;classic_columns_mobile&quot;:&quot;1&quot;,&quot;classic_row_gap&quot;:{&quot;unit&quot;:&quot;px&quot;,&quot;size&quot;:35,&quot;sizes&quot;:[]},&quot;classic_row_gap_tablet&quot;:{&quot;unit&quot;:&quot;px&quot;,&quot;size&quot;:&quot;&quot;,&quot;sizes&quot;:[]},&quot;classic_row_gap_mobile&quot;:{&quot;unit&quot;:&quot;px&quot;,&quot;size&quot;:&quot;&quot;,&quot;sizes&quot;:[]},&quot;load_more_spinner&quot;:{&quot;value&quot;:&quot;fas fa-spinner&quot;,&quot;library&quot;:&quot;fa-solid&quot;}}\" data-widget_type=\"posts.classic\">\n\t\t\t\t<div class=\"elementor-widget-container\">\n\t\t\t\t\t\t\t<div class=\"elementor-posts-container elementor-posts elementor-posts--skin-classic elementor-grid\" role=\"list\">\n\t\t\t\t<article class=\"elementor-post elementor-grid-item post-7683 post type-post status-publish format-standard has-post-thumbnail hentry category-industry-news tag-farmer-support tag-farmers tag-help tag-news\" role=\"listitem\">\n\t\t\t\t<a class=\"elementor-post__thumbnail__link\" href=\"https:\/\/processorlinks.com\/fr\/gerer-les-interruptions-de-traitement\/\" tabindex=\"-1\" >\n\t\t\t<div class=\"elementor-post__thumbnail\"><img fetchpriority=\"high\" decoding=\"async\" width=\"300\" height=\"300\" src=\"https:\/\/processorlinks.com\/wp-content\/uploads\/2023\/08\/Heavy-calves-v2-1-300x300.jpg\" class=\"attachment-medium size-medium wp-image-4532\" alt=\"Veaux bruns\" srcset=\"https:\/\/processorlinks.com\/wp-content\/uploads\/2023\/08\/Heavy-calves-v2-1-300x300.jpg 300w, https:\/\/processorlinks.com\/wp-content\/uploads\/2023\/08\/Heavy-calves-v2-1-150x150.jpg 150w, https:\/\/processorlinks.com\/wp-content\/uploads\/2023\/08\/Heavy-calves-v2-1.jpg 520w\" sizes=\"(max-width: 300px) 100vw, 300px\" \/><\/div>\n\t\t<\/a>\n\t\t\t\t<div class=\"elementor-post__text\">\n\t\t\t\t<h3 class=\"elementor-post__title\">\n\t\t\t<a href=\"https:\/\/processorlinks.com\/fr\/gerer-les-interruptions-de-traitement\/\" >\n\t\t\t\tPerturbations du traitement ? Nous pouvons vous aider.\t\t\t<\/a>\n\t\t<\/h3>\n\t\t\t\t<div class=\"elementor-post__excerpt\">\n\t\t\t<p>Cliquez ici pour savoir comment l'\u00e9quipe Processor Links peut vous aider \u00e0 surmonter les perturbations du traitement.<\/p>\n\t\t<\/div>\n\t\t\t\t\t<div class=\"elementor-post__read-more-wrapper\">\n\t\t\n\t\t<a class=\"elementor-post__read-more\" href=\"https:\/\/processorlinks.com\/fr\/gerer-les-interruptions-de-traitement\/\" aria-label=\"En savoir plus sur les interruptions de traitement ? Nous pouvons vous aider.\" tabindex=\"-1\" >\n\t\t\tLire plus \"\t\t<\/a>\n\n\t\t\t\t\t<\/div>\n\t\t\t\t<\/div>\n\t\t\t\t<\/article>\n\t\t\t\t<article class=\"elementor-post elementor-grid-item post-1351 post type-post status-publish format-standard has-post-thumbnail hentry category-industry-news category-provincial-updates category-upcoming-events tag-abattoirs tag-farmers tag-funding tag-news\" role=\"listitem\">\n\t\t\t\t<a class=\"elementor-post__thumbnail__link\" href=\"https:\/\/processorlinks.com\/fr\/communique-de-presse-nouveau-financement-pour-les-agriculteurs-et-les-abattoirs\/\" tabindex=\"-1\" >\n\t\t\t<div class=\"elementor-post__thumbnail\"><img decoding=\"async\" width=\"300\" height=\"200\" src=\"https:\/\/processorlinks.com\/wp-content\/uploads\/2023\/07\/Sheep-1-judith-prins-300x200.jpg\" class=\"attachment-medium size-medium wp-image-345\" alt=\"ProcessorLinks - un troupeau de moutons.\" srcset=\"https:\/\/processorlinks.com\/wp-content\/uploads\/2023\/07\/Sheep-1-judith-prins-300x200.jpg 300w, https:\/\/processorlinks.com\/wp-content\/uploads\/2023\/07\/Sheep-1-judith-prins-1024x683.jpg 1024w, https:\/\/processorlinks.com\/wp-content\/uploads\/2023\/07\/Sheep-1-judith-prins-768x512.jpg 768w, https:\/\/processorlinks.com\/wp-content\/uploads\/2023\/07\/Sheep-1-judith-prins-1536x1024.jpg 1536w, https:\/\/processorlinks.com\/wp-content\/uploads\/2023\/07\/Sheep-1-judith-prins.jpg 1920w\" sizes=\"(max-width: 300px) 100vw, 300px\" \/><\/div>\n\t\t<\/a>\n\t\t\t\t<div class=\"elementor-post__text\">\n\t\t\t\t<h3 class=\"elementor-post__title\">\n\t\t\t<a href=\"https:\/\/processorlinks.com\/fr\/communique-de-presse-nouveau-financement-pour-les-agriculteurs-et-les-abattoirs\/\" >\n\t\t\t\tCommuniqu\u00e9 de presse : Un nouveau financement permet d'agrandir l'espace de traitement\t\t\t<\/a>\n\t\t<\/h3>\n\t\t\t\t<div class=\"elementor-post__excerpt\">\n\t\t\t<p>AgSights et Meat &amp; Poultry Ontario (MPO) lancent l'extension d'un tableau de bord num\u00e9rique qui met en relation les agriculteurs \u00e0 la recherche d'un espace de transformation avec les abattoirs qui ont une disponibilit\u00e9 imm\u00e9diate ou qui acceptent des r\u00e9servations futures.<\/p>\n\t\t<\/div>\n\t\t\t\t\t<div class=\"elementor-post__read-more-wrapper\">\n\t\t\n\t\t<a class=\"elementor-post__read-more\" href=\"https:\/\/processorlinks.com\/fr\/communique-de-presse-nouveau-financement-pour-les-agriculteurs-et-les-abattoirs\/\" aria-label=\"Plus d&#039;informations sur le communiqu\u00e9 de presse : Un nouveau financement permet d&#039;agrandir l&#039;espace de traitement\" tabindex=\"-1\" >\n\t\t\tLire plus \"\t\t<\/a>\n\n\t\t\t\t\t<\/div>\n\t\t\t\t<\/div>\n\t\t\t\t<\/article>\n\t\t\t\t<article class=\"elementor-post elementor-grid-item post-377 post type-post status-publish format-standard has-post-thumbnail hentry category-industry-news category-provincial-updates tag-business-support tag-entrepreneur tag-grow-your-business\" role=\"listitem\">\n\t\t\t\t<a class=\"elementor-post__thumbnail__link\" href=\"https:\/\/processorlinks.com\/fr\/developpez-votre-entreprise-grace-a-la-technologie\/\" tabindex=\"-1\" >\n\t\t\t<div class=\"elementor-post__thumbnail\"><img decoding=\"async\" width=\"300\" height=\"200\" src=\"https:\/\/processorlinks.com\/wp-content\/uploads\/2023\/07\/Pigs-3-kenneth-schipper-vera-300x200.jpg\" class=\"attachment-medium size-medium wp-image-335\" alt=\"ProcessorLinks - Deux cochons dans un enclos.\" srcset=\"https:\/\/processorlinks.com\/wp-content\/uploads\/2023\/07\/Pigs-3-kenneth-schipper-vera-300x200.jpg 300w, https:\/\/processorlinks.com\/wp-content\/uploads\/2023\/07\/Pigs-3-kenneth-schipper-vera-1024x683.jpg 1024w, https:\/\/processorlinks.com\/wp-content\/uploads\/2023\/07\/Pigs-3-kenneth-schipper-vera-768x512.jpg 768w, https:\/\/processorlinks.com\/wp-content\/uploads\/2023\/07\/Pigs-3-kenneth-schipper-vera-1536x1024.jpg 1536w, https:\/\/processorlinks.com\/wp-content\/uploads\/2023\/07\/Pigs-3-kenneth-schipper-vera.jpg 1920w\" sizes=\"(max-width: 300px) 100vw, 300px\" \/><\/div>\n\t\t<\/a>\n\t\t\t\t<div class=\"elementor-post__text\">\n\t\t\t\t<h3 class=\"elementor-post__title\">\n\t\t\t<a href=\"https:\/\/processorlinks.com\/fr\/developpez-votre-entreprise-grace-a-la-technologie\/\" >\n\t\t\t\tCommon Tech : D\u00e9velopper votre entreprise gr\u00e2ce \u00e0 la technologie que vous poss\u00e9dez\t\t\t<\/a>\n\t\t<\/h3>\n\t\t\t\t<div class=\"elementor-post__excerpt\">\n\t\t\t<p>L'utilisation de technologies communes simplifie la mise \u00e0 niveau de votre entreprise. Le monde \u00e9volue rapidement. La m\u00e9thode du papier et du crayon pour faire des affaires est en train de dispara\u00eetre<\/p>\n\t\t<\/div>\n\t\t\t\t\t<div class=\"elementor-post__read-more-wrapper\">\n\t\t\n\t\t<a class=\"elementor-post__read-more\" href=\"https:\/\/processorlinks.com\/fr\/developpez-votre-entreprise-grace-a-la-technologie\/\" aria-label=\"En savoir plus sur Common Tech : D\u00e9velopper votre entreprise gr\u00e2ce \u00e0 la technologie que vous poss\u00e9dez\" tabindex=\"-1\" >\n\t\t\tLire plus \"\t\t<\/a>\n\n\t\t\t\t\t<\/div>\n\t\t\t\t<\/div>\n\t\t\t\t<\/article>\n\t\t\t\t<article class=\"elementor-post elementor-grid-item post-376 post type-post status-publish format-standard has-post-thumbnail hentry category-industry-news category-market-trends tag-future-of-livestock tag-info tag-information-sharing\" role=\"listitem\">\n\t\t\t\t<a class=\"elementor-post__thumbnail__link\" href=\"https:\/\/processorlinks.com\/fr\/pourquoi-le-partage-de-linformation-est-lavenir\/\" tabindex=\"-1\" >\n\t\t\t<div class=\"elementor-post__thumbnail\"><img loading=\"lazy\" decoding=\"async\" width=\"300\" height=\"225\" src=\"https:\/\/processorlinks.com\/wp-content\/uploads\/2023\/07\/Field-of-Cattle-jakob-cotton-UQJf6y91zZs-300x225.jpg\" class=\"attachment-medium size-medium wp-image-328\" alt=\"ProcessorLinks - domaine de l&#039;\u00e9levage bovin\/viande bovine.\" srcset=\"https:\/\/processorlinks.com\/wp-content\/uploads\/2023\/07\/Field-of-Cattle-jakob-cotton-UQJf6y91zZs-300x225.jpg 300w, https:\/\/processorlinks.com\/wp-content\/uploads\/2023\/07\/Field-of-Cattle-jakob-cotton-UQJf6y91zZs-1024x768.jpg 1024w, https:\/\/processorlinks.com\/wp-content\/uploads\/2023\/07\/Field-of-Cattle-jakob-cotton-UQJf6y91zZs-768x576.jpg 768w, https:\/\/processorlinks.com\/wp-content\/uploads\/2023\/07\/Field-of-Cattle-jakob-cotton-UQJf6y91zZs-1536x1152.jpg 1536w, https:\/\/processorlinks.com\/wp-content\/uploads\/2023\/07\/Field-of-Cattle-jakob-cotton-UQJf6y91zZs.jpg 1920w\" sizes=\"(max-width: 300px) 100vw, 300px\" \/><\/div>\n\t\t<\/a>\n\t\t\t\t<div class=\"elementor-post__text\">\n\t\t\t\t<h3 class=\"elementor-post__title\">\n\t\t\t<a href=\"https:\/\/processorlinks.com\/fr\/pourquoi-le-partage-de-linformation-est-lavenir\/\" >\n\t\t\t\tPourquoi le partage d'informations est-il l'avenir de la gestion du b\u00e9tail ?\t\t\t<\/a>\n\t\t<\/h3>\n\t\t\t\t<div class=\"elementor-post__excerpt\">\n\t\t\t<p>Pourquoi le partage d'informations est l'avenir de la gestion du b\u00e9tail. Nourrir l'agriculture : Le r\u00f4le du minist\u00e8re de l'alimentation, de l'agriculture et des affaires rurales de l'Ontario<\/p>\n\t\t<\/div>\n\t\t\t\t\t<div class=\"elementor-post__read-more-wrapper\">\n\t\t\n\t\t<a class=\"elementor-post__read-more\" href=\"https:\/\/processorlinks.com\/fr\/pourquoi-le-partage-de-linformation-est-lavenir\/\" aria-label=\"Pour en savoir plus sur les raisons pour lesquelles le partage d&#039;informations est l&#039;avenir de la gestion du b\u00e9tail\" tabindex=\"-1\" >\n\t\t\tLire plus \"\t\t<\/a>\n\n\t\t\t\t\t<\/div>\n\t\t\t\t<\/div>\n\t\t\t\t<\/article>\n\t\t\t\t<article class=\"elementor-post elementor-grid-item post-1334 post type-post status-publish format-standard has-post-thumbnail hentry category-ask-omafra category-industry-news tag-abattoir-support tag-agriculture-and-rural-affairs tag-farmer-support tag-help tag-omafra tag-ontario-ministry-of-food\" role=\"listitem\">\n\t\t\t\t<a class=\"elementor-post__thumbnail__link\" href=\"https:\/\/processorlinks.com\/fr\/qui-est-omafra\/\" tabindex=\"-1\" >\n\t\t\t<div class=\"elementor-post__thumbnail\"><img loading=\"lazy\" decoding=\"async\" width=\"300\" height=\"300\" src=\"https:\/\/processorlinks.com\/wp-content\/uploads\/2023\/08\/Chicken-Coop-julio-reynaldo-300x300.jpg\" class=\"attachment-medium size-medium wp-image-2618\" alt=\"Groupe de poulets, photo carr\u00e9e.\" srcset=\"https:\/\/processorlinks.com\/wp-content\/uploads\/2023\/08\/Chicken-Coop-julio-reynaldo-300x300.jpg 300w, https:\/\/processorlinks.com\/wp-content\/uploads\/2023\/08\/Chicken-Coop-julio-reynaldo-150x150.jpg 150w, https:\/\/processorlinks.com\/wp-content\/uploads\/2023\/08\/Chicken-Coop-julio-reynaldo-768x768.jpg 768w, https:\/\/processorlinks.com\/wp-content\/uploads\/2023\/08\/Chicken-Coop-julio-reynaldo.jpg 800w\" sizes=\"(max-width: 300px) 100vw, 300px\" \/><\/div>\n\t\t<\/a>\n\t\t\t\t<div class=\"elementor-post__text\">\n\t\t\t\t<h3 class=\"elementor-post__title\">\n\t\t\t<a href=\"https:\/\/processorlinks.com\/fr\/qui-est-omafra\/\" >\n\t\t\t\tQui est le MAAARO ?\t\t\t<\/a>\n\t\t<\/h3>\n\t\t\t\t<div class=\"elementor-post__excerpt\">\n\t\t\t<p>Le minist\u00e8re de l'agriculture, de l'alimentation et des affaires rurales est un minist\u00e8re du gouvernement de l'Ontario responsable des secteurs alimentaire, agricole et rural de la province canadienne.<\/p>\n\t\t<\/div>\n\t\t\t\t\t<div class=\"elementor-post__read-more-wrapper\">\n\t\t\n\t\t<a class=\"elementor-post__read-more\" href=\"https:\/\/processorlinks.com\/fr\/qui-est-omafra\/\" aria-label=\"En savoir plus sur Qui est le MAAARO ?\" tabindex=\"-1\" >\n\t\t\tLire plus \"\t\t<\/a>\n\n\t\t\t\t\t<\/div>\n\t\t\t\t<\/div>\n\t\t\t\t<\/article>\n\t\t\t\t<\/div>\n\t\t\t\t\t<span class=\"e-load-more-spinner\">\n\t\t\t\t<i aria-hidden=\"true\" class=\"fas fa-spinner\"><\/i>\t\t\t<\/span>\n\t\t\n\t\t\t\t\t\t<\/div>\n\t\t\t\t<\/div>\n\t\t\t\t<\/div>\n\t\t\t\t\t<\/div>\n\t\t\t\t<\/div>\n\t\t\t\t<\/div>","protected":false},"excerpt":{"rendered":"<p>Bienvenue dans notre section consacr\u00e9e \u00e0 l'actualit\u00e9 du secteur. Vous y trouverez des informations sur le march\u00e9, des rapports sur les tendances, des informations sur les \u00e9v\u00e9nements \u00e0 venir, ainsi que des ressources et un soutien suppl\u00e9mentaires. S\u00e9lectionnez les boutons des cat\u00e9gories pour filtrer votre recherche de contenu, <\/p>","protected":false},"author":5,"featured_media":4488,"parent":0,"menu_order":5,"comment_status":"closed","ping_status":"closed","template":"","meta":{"_acf_changed":false,"footnotes":""},"class_list":["post-1001","page","type-page","status-publish","has-post-thumbnail","hentry"],"acf":[],"_links":{"self":[{"href":"https:\/\/processorlinks.com\/fr\/wp-json\/wp\/v2\/pages\/1001","targetHints":{"allow":["GET"]}}],"collection":[{"href":"https:\/\/processorlinks.com\/fr\/wp-json\/wp\/v2\/pages"}],"about":[{"href":"https:\/\/processorlinks.com\/fr\/wp-json\/wp\/v2\/types\/page"}],"author":[{"embeddable":true,"href":"https:\/\/processorlinks.com\/fr\/wp-json\/wp\/v2\/users\/5"}],"replies":[{"embeddable":true,"href":"https:\/\/processorlinks.com\/fr\/wp-json\/wp\/v2\/comments?post=1001"}],"version-history":[{"count":0,"href":"https:\/\/processorlinks.com\/fr\/wp-json\/wp\/v2\/pages\/1001\/revisions"}],"wp:featuredmedia":[{"embeddable":true,"href":"https:\/\/processorlinks.com\/fr\/wp-json\/wp\/v2\/media\/4488"}],"wp:attachment":[{"href":"https:\/\/processorlinks.com\/fr\/wp-json\/wp\/v2\/media?parent=1001"}],"curies":[{"name":"wp","href":"https:\/\/api.w.org\/{rel}","templated":true}]}}